{"id":1750,"date":"2024-12-11T11:07:33","date_gmt":"2024-12-11T10:07:33","guid":{"rendered":"https:\/\/aganova.com\/soluciones\/"},"modified":"2025-10-03T11:22:35","modified_gmt":"2025-10-03T09:22:35","slug":"soluciones","status":"publish","type":"page","link":"https:\/\/aganova.com\/es\/soluciones\/","title":{"rendered":"Soluciones"},"content":{"rendered":"\t\t<div data-elementor-type=\"wp-page\" data-elementor-id=\"1750\" class=\"elementor elementor-1750 elementor-716\" data-elementor-post-type=\"page\">\n\t\t\t\t<div class=\"elementor-element elementor-element-ae4d662 e-flex e-con-boxed e-con e-parent\" data-id=\"ae4d662\" data-element_type=\"container\" data-e-type=\"container\" id=\"our-solutions\" data-settings=\"{&quot;background_background&quot;:&quot;classic&quot;}\">\n\t\t\t\t\t<div class=\"e-con-inner\">\n\t\t<div class=\"elementor-element elementor-element-c15de52 e-con-full e-flex elementor-invisible e-con e-child\" data-id=\"c15de52\" data-element_type=\"container\" data-e-type=\"container\" data-settings=\"{&quot;background_background&quot;:&quot;classic&quot;,&quot;animation&quot;:&quot;fadeInDown&quot;}\">\n\t\t\t\t<div class=\"elementor-element elementor-element-48ff851 elementor-widget elementor-widget-heading\" data-id=\"48ff851\" data-element_type=\"widget\" data-e-type=\"widget\" data-widget_type=\"heading.default\">\n\t\t\t\t<div class=\"elementor-widget-container\">\n\t\t\t\t\t<h1 class=\"elementor-heading-title elementor-size-default\">Soluciones<\/h1>\t\t\t\t<\/div>\n\t\t\t\t<\/div>\n\t\t\t\t<\/div>\n\t\t\t\t<div class=\"elementor-element elementor-element-f73dc1c elementor-widget elementor-widget-spacer\" data-id=\"f73dc1c\" data-element_type=\"widget\" data-e-type=\"widget\" data-widget_type=\"spacer.default\">\n\t\t\t\t<div class=\"elementor-widget-container\">\n\t\t\t\t\t\t\t<div class=\"elementor-spacer\">\n\t\t\t<div class=\"elementor-spacer-inner\"><\/div>\n\t\t<\/div>\n\t\t\t\t\t\t<\/div>\n\t\t\t\t<\/div>\n\t\t\t\t<div class=\"elementor-element elementor-element-7fdabf6 elementor-widget elementor-widget-text-editor\" data-id=\"7fdabf6\" data-element_type=\"widget\" data-e-type=\"widget\" data-widget_type=\"text-editor.default\">\n\t\t\t\t<div class=\"elementor-widget-container\">\n\t\t\t\t\t\t\t\t\t<p>En Aganova, estamos comprometidos con mejorar la eficiencia y sostenibilidad de los sistemas de gesti\u00f3n de agua mediante soluciones innovadoras dise\u00f1adas para dos sectores clave: Agua No Facturada (ANF, NRW en ingl\u00e9s) y evaluaci\u00f3n del estado de las tuber\u00edas. Nuestra experiencia garantiza que las utilities puedan gestionar eficientemente sus recursos h\u00eddricos, reducir p\u00e9rdidas y preservar la integridad de sus infraestructuras.  <\/p>\t\t\t\t\t\t\t\t<\/div>\n\t\t\t\t<\/div>\n\t\t<div class=\"elementor-element elementor-element-b71b48e e-grid e-con-boxed e-con e-child\" data-id=\"b71b48e\" data-element_type=\"container\" data-e-type=\"container\">\n\t\t\t\t\t<div class=\"e-con-inner\">\n\t\t<div class=\"elementor-element elementor-element-8297313 e-flex e-con-boxed e-con e-child\" data-id=\"8297313\" data-element_type=\"container\" data-e-type=\"container\" data-settings=\"{&quot;background_background&quot;:&quot;classic&quot;}\">\n\t\t\t\t\t<div class=\"e-con-inner\">\n\t\t\t\t<div class=\"elementor-element elementor-element-e7087a6 elementor-widget elementor-widget-image\" data-id=\"e7087a6\" data-element_type=\"widget\" data-e-type=\"widget\" data-widget_type=\"image.default\">\n\t\t\t\t<div class=\"elementor-widget-container\">\n\t\t\t\t\t\t\t\t\t\t\t\t\t\t\t<img decoding=\"async\" width=\"140\" height=\"140\" src=\"https:\/\/aganova.com\/wp-content\/uploads\/2024\/06\/icono-1.png\" class=\"attachment-full size-full wp-image-1659\" alt=\"\" \/>\t\t\t\t\t\t\t\t\t\t\t\t\t\t\t<\/div>\n\t\t\t\t<\/div>\n\t\t\t\t<div class=\"elementor-element elementor-element-5c487d9 elementor-widget elementor-widget-heading\" data-id=\"5c487d9\" data-element_type=\"widget\" data-e-type=\"widget\" data-widget_type=\"heading.default\">\n\t\t\t\t<div class=\"elementor-widget-container\">\n\t\t\t\t\t<h2 class=\"elementor-heading-title elementor-size-default\">Soluciones para Agua No Facturada (ANF)<\/h2>\t\t\t\t<\/div>\n\t\t\t\t<\/div>\n\t\t\t\t<div class=\"elementor-element elementor-element-69fa646 elementor-widget elementor-widget-text-editor\" data-id=\"69fa646\" data-element_type=\"widget\" data-e-type=\"widget\" data-widget_type=\"text-editor.default\">\n\t\t\t\t<div class=\"elementor-widget-container\">\n\t\t\t\t\t\t\t\t\t<p>Nuestras soluciones para ANF\/NRW se centran en identificar y mitigar p\u00e9rdidas de agua en redes de distribuci\u00f3n. Utilizando tecnolog\u00edas ac\u00fasticas y electromagn\u00e9ticas de \u00faltima generaci\u00f3n, ofrecemos servicios de detecci\u00f3n precisa de fugas, lo que facilita las reparaciones necesarias y reduce significativamente las p\u00e9rdidas de agua. Esto no solo conserva recursos h\u00eddricos valiosos, sino que tambi\u00e9n genera importantes ahorros para los operadores.  <\/p>\t\t\t\t\t\t\t\t<\/div>\n\t\t\t\t<\/div>\n\t\t\t\t\t<\/div>\n\t\t\t\t<\/div>\n\t\t<div class=\"elementor-element elementor-element-2f7372f e-flex e-con-boxed e-con e-child\" data-id=\"2f7372f\" data-element_type=\"container\" data-e-type=\"container\" data-settings=\"{&quot;background_background&quot;:&quot;classic&quot;}\">\n\t\t\t\t\t<div class=\"e-con-inner\">\n\t\t\t\t<div class=\"elementor-element elementor-element-a960aed elementor-widget elementor-widget-image\" data-id=\"a960aed\" data-element_type=\"widget\" data-e-type=\"widget\" data-widget_type=\"image.default\">\n\t\t\t\t<div class=\"elementor-widget-container\">\n\t\t\t\t\t\t\t\t\t\t\t\t\t\t\t<img decoding=\"async\" width=\"140\" height=\"140\" src=\"https:\/\/aganova.com\/wp-content\/uploads\/2024\/06\/icono-2.png\" class=\"attachment-full size-full wp-image-1660\" alt=\"\" \/>\t\t\t\t\t\t\t\t\t\t\t\t\t\t\t<\/div>\n\t\t\t\t<\/div>\n\t\t\t\t<div class=\"elementor-element elementor-element-e2594bd elementor-widget elementor-widget-heading\" data-id=\"e2594bd\" data-element_type=\"widget\" data-e-type=\"widget\" data-widget_type=\"heading.default\">\n\t\t\t\t<div class=\"elementor-widget-container\">\n\t\t\t\t\t<h2 class=\"elementor-heading-title elementor-size-default\">Evaluaci\u00f3n del estado de las tuber\u00edas y acueductos<\/h2>\t\t\t\t<\/div>\n\t\t\t\t<\/div>\n\t\t\t\t<div class=\"elementor-element elementor-element-1d23671 elementor-widget elementor-widget-text-editor\" data-id=\"1d23671\" data-element_type=\"widget\" data-e-type=\"widget\" data-widget_type=\"text-editor.default\">\n\t\t\t\t<div class=\"elementor-widget-container\">\n\t\t\t\t\t\t\t\t\t<p>Para la evaluaci\u00f3n de tuber\u00edas, Aganova utiliza tecnolog\u00eda avanzada que permite realizar an\u00e1lisis exhaustivos sobre la integridad de las mismas. Esto ayuda a detectar problemas como grietas y corrosi\u00f3n de manera temprana, permitiendo un mantenimiento proactivo y reduciendo el riesgo de fallos graves. As\u00ed se asegura un suministro seguro y se mejora la seguridad y durabilidad de las infraestructuras.  <\/p><p>Contacta con nosotros y descubre c\u00f3mo Aganova puede optimizar tus operaciones con soluciones inteligentes y sostenibles para la gesti\u00f3n del agua.<\/p>\t\t\t\t\t\t\t\t<\/div>\n\t\t\t\t<\/div>\n\t\t\t\t\t<\/div>\n\t\t\t\t<\/div>\n\t\t\t\t\t<\/div>\n\t\t\t\t<\/div>\n\t\t\t\t<div class=\"elementor-element elementor-element-a8bb051 elementor-widget elementor-widget-spacer\" data-id=\"a8bb051\" data-element_type=\"widget\" data-e-type=\"widget\" data-widget_type=\"spacer.default\">\n\t\t\t\t<div class=\"elementor-widget-container\">\n\t\t\t\t\t\t\t<div class=\"elementor-spacer\">\n\t\t\t<div class=\"elementor-spacer-inner\"><\/div>\n\t\t<\/div>\n\t\t\t\t\t\t<\/div>\n\t\t\t\t<\/div>\n\t\t<div class=\"elementor-element elementor-element-5592e38 e-con-full e-flex e-con e-child\" data-id=\"5592e38\" data-element_type=\"container\" data-e-type=\"container\">\n\t\t\t\t<\/div>\n\t\t\t\t\t<\/div>\n\t\t\t\t<\/div>\n\t\t\t\t<\/div>\n\t\t","protected":false},"excerpt":{"rendered":"<p>Soluciones En Aganova, estamos comprometidos con mejorar la eficiencia y sostenibilidad de los sistemas de gesti\u00f3n de agua mediante soluciones innovadoras dise\u00f1adas para dos sectores clave: Agua No Facturada (ANF, NRW en ingl\u00e9s) y evaluaci\u00f3n del estado de las tuber\u00edas. Nuestra experiencia garantiza que las utilities puedan gestionar eficientemente sus recursos h\u00eddricos, reducir p\u00e9rdidas y [&hellip;]<\/p>\n","protected":false},"author":1,"featured_media":1670,"parent":0,"menu_order":0,"comment_status":"closed","ping_status":"closed","template":"","meta":{"content-type":"","footnotes":""},"case":[],"class_list":["post-1750","page","type-page","status-publish","has-post-thumbnail","hentry"],"yoast_head":"<!-- This site is optimized with the Yoast SEO Premium plugin v25.6 (Yoast SEO v27.5) - https:\/\/yoast.com\/product\/yoast-seo-premium-wordpress\/ -->\n<title>Empresa de soluciones para agua no facturada: gesti\u00f3n de ANF<\/title>\n<meta name=\"description\" content=\"Soluciones para Agua No Facturada (ANF): nuestras soluciones de ANF se centran en identificar y mitigar las p\u00e9rdidas de agua en las redes de distribuci\u00f3n.\" \/>\n<meta name=\"robots\" content=\"index, follow, max-snippet:-1, max-image-preview:large, max-video-preview:-1\" \/>\n<link rel=\"canonical\" href=\"https:\/\/aganova.com\/es\/soluciones\/\" \/>\n<meta property=\"og:locale\" content=\"es_ES\" \/>\n<meta property=\"og:type\" content=\"article\" \/>\n<meta property=\"og:title\" content=\"Aganova - Water Pipe Intelligence\" \/>\n<meta property=\"og:description\" content=\"Empowering a Sustainable Future with Advanced Leak Detection Technology.\" \/>\n<meta property=\"og:url\" content=\"https:\/\/aganova.com\/es\/soluciones\/\" \/>\n<meta property=\"og:site_name\" content=\"Aganova\" \/>\n<meta property=\"article:modified_time\" content=\"2025-10-03T09:22:35+00:00\" \/>\n<meta property=\"og:image\" content=\"https:\/\/aganova.com\/wp-content\/uploads\/2024\/06\/aganova-web-300x300.jpg\" \/>\n<meta name=\"twitter:card\" content=\"summary_large_image\" \/>\n<meta name=\"twitter:title\" content=\"Aganova - Water Pipe Intelligence\" \/>\n<meta name=\"twitter:description\" content=\"Empowering a Sustainable Future with Advanced Leak Detection Technology.\" \/>\n<meta name=\"twitter:image\" content=\"https:\/\/aganova.com\/wp-content\/uploads\/2024\/06\/aganova-web.jpg\" \/>\n<meta name=\"twitter:label1\" content=\"Tiempo de lectura\" \/>\n\t<meta name=\"twitter:data1\" content=\"1 minuto\" \/>\n<script type=\"application\/ld+json\" class=\"yoast-schema-graph\">{\"@context\":\"https:\\\/\\\/schema.org\",\"@graph\":[{\"@type\":\"WebPage\",\"@id\":\"https:\\\/\\\/aganova.com\\\/es\\\/soluciones\\\/\",\"url\":\"https:\\\/\\\/aganova.com\\\/es\\\/soluciones\\\/\",\"name\":\"Empresa de soluciones para agua no facturada: gesti\u00f3n de ANF\",\"isPartOf\":{\"@id\":\"https:\\\/\\\/aganova.com\\\/es\\\/#website\"},\"primaryImageOfPage\":{\"@id\":\"https:\\\/\\\/aganova.com\\\/es\\\/soluciones\\\/#primaryimage\"},\"image\":{\"@id\":\"https:\\\/\\\/aganova.com\\\/es\\\/soluciones\\\/#primaryimage\"},\"thumbnailUrl\":\"https:\\\/\\\/aganova.com\\\/wp-content\\\/uploads\\\/2024\\\/06\\\/aganova-web.jpg\",\"datePublished\":\"2024-12-11T10:07:33+00:00\",\"dateModified\":\"2025-10-03T09:22:35+00:00\",\"description\":\"Soluciones para Agua No Facturada (ANF): nuestras soluciones de ANF se centran en identificar y mitigar las p\u00e9rdidas de agua en las redes de distribuci\u00f3n.\",\"breadcrumb\":{\"@id\":\"https:\\\/\\\/aganova.com\\\/es\\\/soluciones\\\/#breadcrumb\"},\"inLanguage\":\"es\",\"potentialAction\":[{\"@type\":\"ReadAction\",\"target\":[\"https:\\\/\\\/aganova.com\\\/es\\\/soluciones\\\/\"]}]},{\"@type\":\"ImageObject\",\"inLanguage\":\"es\",\"@id\":\"https:\\\/\\\/aganova.com\\\/es\\\/soluciones\\\/#primaryimage\",\"url\":\"https:\\\/\\\/aganova.com\\\/wp-content\\\/uploads\\\/2024\\\/06\\\/aganova-web.jpg\",\"contentUrl\":\"https:\\\/\\\/aganova.com\\\/wp-content\\\/uploads\\\/2024\\\/06\\\/aganova-web.jpg\",\"width\":600,\"height\":600,\"caption\":\"In-line pipe inspection\"},{\"@type\":\"BreadcrumbList\",\"@id\":\"https:\\\/\\\/aganova.com\\\/es\\\/soluciones\\\/#breadcrumb\",\"itemListElement\":[{\"@type\":\"ListItem\",\"position\":1,\"name\":\"Portada\",\"item\":\"https:\\\/\\\/aganova.com\\\/es\\\/\"},{\"@type\":\"ListItem\",\"position\":2,\"name\":\"Soluciones\"}]},{\"@type\":\"WebSite\",\"@id\":\"https:\\\/\\\/aganova.com\\\/es\\\/#website\",\"url\":\"https:\\\/\\\/aganova.com\\\/es\\\/\",\"name\":\"Aganova\",\"description\":\"\",\"publisher\":{\"@id\":\"https:\\\/\\\/aganova.com\\\/es\\\/#organization\"},\"potentialAction\":[{\"@type\":\"SearchAction\",\"target\":{\"@type\":\"EntryPoint\",\"urlTemplate\":\"https:\\\/\\\/aganova.com\\\/es\\\/?s={search_term_string}\"},\"query-input\":{\"@type\":\"PropertyValueSpecification\",\"valueRequired\":true,\"valueName\":\"search_term_string\"}}],\"inLanguage\":\"es\"},{\"@type\":\"Organization\",\"@id\":\"https:\\\/\\\/aganova.com\\\/es\\\/#organization\",\"name\":\"Aganova - Water Pipe Intelligence\",\"url\":\"https:\\\/\\\/aganova.com\\\/es\\\/\",\"logo\":{\"@type\":\"ImageObject\",\"inLanguage\":\"es\",\"@id\":\"https:\\\/\\\/aganova.com\\\/es\\\/#\\\/schema\\\/logo\\\/image\\\/\",\"url\":\"https:\\\/\\\/aganova.com\\\/wp-content\\\/uploads\\\/2024\\\/06\\\/aganova-web.jpg\",\"contentUrl\":\"https:\\\/\\\/aganova.com\\\/wp-content\\\/uploads\\\/2024\\\/06\\\/aganova-web.jpg\",\"width\":600,\"height\":600,\"caption\":\"Aganova - Water Pipe Intelligence\"},\"image\":{\"@id\":\"https:\\\/\\\/aganova.com\\\/es\\\/#\\\/schema\\\/logo\\\/image\\\/\"}}]}<\/script>\n<!-- \/ Yoast SEO Premium plugin. -->","yoast_head_json":{"title":"Empresa de soluciones para agua no facturada: gesti\u00f3n de ANF","description":"Soluciones para Agua No Facturada (ANF): nuestras soluciones de ANF se centran en identificar y mitigar las p\u00e9rdidas de agua en las redes de distribuci\u00f3n.","robots":{"index":"index","follow":"follow","max-snippet":"max-snippet:-1","max-image-preview":"max-image-preview:large","max-video-preview":"max-video-preview:-1"},"canonical":"https:\/\/aganova.com\/es\/soluciones\/","og_locale":"es_ES","og_type":"article","og_title":"Aganova - Water Pipe Intelligence","og_description":"Empowering a Sustainable Future with Advanced Leak Detection Technology.","og_url":"https:\/\/aganova.com\/es\/soluciones\/","og_site_name":"Aganova","article_modified_time":"2025-10-03T09:22:35+00:00","og_image":[{"url":"https:\/\/aganova.com\/wp-content\/uploads\/2024\/06\/aganova-web-300x300.jpg","type":"","width":"","height":""}],"twitter_card":"summary_large_image","twitter_title":"Aganova - Water Pipe Intelligence","twitter_description":"Empowering a Sustainable Future with Advanced Leak Detection Technology.","twitter_image":"https:\/\/aganova.com\/wp-content\/uploads\/2024\/06\/aganova-web.jpg","twitter_misc":{"Tiempo de lectura":"1 minuto"},"schema":{"@context":"https:\/\/schema.org","@graph":[{"@type":"WebPage","@id":"https:\/\/aganova.com\/es\/soluciones\/","url":"https:\/\/aganova.com\/es\/soluciones\/","name":"Empresa de soluciones para agua no facturada: gesti\u00f3n de ANF","isPartOf":{"@id":"https:\/\/aganova.com\/es\/#website"},"primaryImageOfPage":{"@id":"https:\/\/aganova.com\/es\/soluciones\/#primaryimage"},"image":{"@id":"https:\/\/aganova.com\/es\/soluciones\/#primaryimage"},"thumbnailUrl":"https:\/\/aganova.com\/wp-content\/uploads\/2024\/06\/aganova-web.jpg","datePublished":"2024-12-11T10:07:33+00:00","dateModified":"2025-10-03T09:22:35+00:00","description":"Soluciones para Agua No Facturada (ANF): nuestras soluciones de ANF se centran en identificar y mitigar las p\u00e9rdidas de agua en las redes de distribuci\u00f3n.","breadcrumb":{"@id":"https:\/\/aganova.com\/es\/soluciones\/#breadcrumb"},"inLanguage":"es","potentialAction":[{"@type":"ReadAction","target":["https:\/\/aganova.com\/es\/soluciones\/"]}]},{"@type":"ImageObject","inLanguage":"es","@id":"https:\/\/aganova.com\/es\/soluciones\/#primaryimage","url":"https:\/\/aganova.com\/wp-content\/uploads\/2024\/06\/aganova-web.jpg","contentUrl":"https:\/\/aganova.com\/wp-content\/uploads\/2024\/06\/aganova-web.jpg","width":600,"height":600,"caption":"In-line pipe inspection"},{"@type":"BreadcrumbList","@id":"https:\/\/aganova.com\/es\/soluciones\/#breadcrumb","itemListElement":[{"@type":"ListItem","position":1,"name":"Portada","item":"https:\/\/aganova.com\/es\/"},{"@type":"ListItem","position":2,"name":"Soluciones"}]},{"@type":"WebSite","@id":"https:\/\/aganova.com\/es\/#website","url":"https:\/\/aganova.com\/es\/","name":"Aganova","description":"","publisher":{"@id":"https:\/\/aganova.com\/es\/#organization"},"potentialAction":[{"@type":"SearchAction","target":{"@type":"EntryPoint","urlTemplate":"https:\/\/aganova.com\/es\/?s={search_term_string}"},"query-input":{"@type":"PropertyValueSpecification","valueRequired":true,"valueName":"search_term_string"}}],"inLanguage":"es"},{"@type":"Organization","@id":"https:\/\/aganova.com\/es\/#organization","name":"Aganova - Water Pipe Intelligence","url":"https:\/\/aganova.com\/es\/","logo":{"@type":"ImageObject","inLanguage":"es","@id":"https:\/\/aganova.com\/es\/#\/schema\/logo\/image\/","url":"https:\/\/aganova.com\/wp-content\/uploads\/2024\/06\/aganova-web.jpg","contentUrl":"https:\/\/aganova.com\/wp-content\/uploads\/2024\/06\/aganova-web.jpg","width":600,"height":600,"caption":"Aganova - Water Pipe Intelligence"},"image":{"@id":"https:\/\/aganova.com\/es\/#\/schema\/logo\/image\/"}}]}},"_links":{"self":[{"href":"https:\/\/aganova.com\/es\/wp-json\/wp\/v2\/pages\/1750","targetHints":{"allow":["GET"]}}],"collection":[{"href":"https:\/\/aganova.com\/es\/wp-json\/wp\/v2\/pages"}],"about":[{"href":"https:\/\/aganova.com\/es\/wp-json\/wp\/v2\/types\/page"}],"author":[{"embeddable":true,"href":"https:\/\/aganova.com\/es\/wp-json\/wp\/v2\/users\/1"}],"replies":[{"embeddable":true,"href":"https:\/\/aganova.com\/es\/wp-json\/wp\/v2\/comments?post=1750"}],"version-history":[{"count":0,"href":"https:\/\/aganova.com\/es\/wp-json\/wp\/v2\/pages\/1750\/revisions"}],"wp:featuredmedia":[{"embeddable":true,"href":"https:\/\/aganova.com\/es\/wp-json\/wp\/v2\/media\/1670"}],"wp:attachment":[{"href":"https:\/\/aganova.com\/es\/wp-json\/wp\/v2\/media?parent=1750"}],"wp:term":[{"taxonomy":"case","embeddable":true,"href":"https:\/\/aganova.com\/es\/wp-json\/wp\/v2\/case?post=1750"}],"curies":[{"name":"wp","href":"https:\/\/api.w.org\/{rel}","templated":true}]}}