{"id":1756,"date":"2024-12-11T11:38:16","date_gmt":"2024-12-11T10:38:16","guid":{"rendered":"https:\/\/aganova.com\/partners\/"},"modified":"2026-01-05T10:39:22","modified_gmt":"2026-01-05T09:39:22","slug":"partners","status":"publish","type":"page","link":"https:\/\/aganova.com\/es\/partners\/","title":{"rendered":"Partners"},"content":{"rendered":"\t\t<div data-elementor-type=\"wp-page\" data-elementor-id=\"1756\" class=\"elementor elementor-1756 elementor-746\" data-elementor-post-type=\"page\">\n\t\t\t\t<div class=\"elementor-element elementor-element-7368779 e-flex e-con-boxed e-con e-parent\" data-id=\"7368779\" data-element_type=\"container\" data-e-type=\"container\" id=\"how-to-work\">\n\t\t\t\t\t<div class=\"e-con-inner\">\n\t\t<div class=\"elementor-element elementor-element-920573f e-con-full e-flex elementor-invisible e-con e-child\" data-id=\"920573f\" data-element_type=\"container\" data-e-type=\"container\" data-settings=\"{&quot;background_background&quot;:&quot;classic&quot;,&quot;animation&quot;:&quot;fadeInDown&quot;}\">\n\t\t\t\t<div class=\"elementor-element elementor-element-7c11141 elementor-widget elementor-widget-heading\" data-id=\"7c11141\" data-element_type=\"widget\" data-e-type=\"widget\" data-widget_type=\"heading.default\">\n\t\t\t\t<div class=\"elementor-widget-container\">\n\t\t\t\t\t<h1 class=\"elementor-heading-title elementor-size-default\">Partners<\/h1>\t\t\t\t<\/div>\n\t\t\t\t<\/div>\n\t\t\t\t<\/div>\n\t\t\t\t<div class=\"elementor-element elementor-element-4262ef7 elementor-widget elementor-widget-spacer\" data-id=\"4262ef7\" data-element_type=\"widget\" data-e-type=\"widget\" data-widget_type=\"spacer.default\">\n\t\t\t\t<div class=\"elementor-widget-container\">\n\t\t\t\t\t\t\t<div class=\"elementor-spacer\">\n\t\t\t<div class=\"elementor-spacer-inner\"><\/div>\n\t\t<\/div>\n\t\t\t\t\t\t<\/div>\n\t\t\t\t<\/div>\n\t\t\t\t<div class=\"elementor-element elementor-element-b7bcd32 elementor-widget elementor-widget-heading\" data-id=\"b7bcd32\" data-element_type=\"widget\" data-e-type=\"widget\" data-widget_type=\"heading.default\">\n\t\t\t\t<div class=\"elementor-widget-container\">\n\t\t\t\t\t<h2 class=\"elementor-heading-title elementor-size-default\">\u00bfEst\u00e1s listo?<\/h2>\t\t\t\t<\/div>\n\t\t\t\t<\/div>\n\t\t\t\t<div class=\"elementor-element elementor-element-cf6b2a3 elementor-widget elementor-widget-heading\" data-id=\"cf6b2a3\" data-element_type=\"widget\" data-e-type=\"widget\" data-widget_type=\"heading.default\">\n\t\t\t\t<div class=\"elementor-widget-container\">\n\t\t\t\t\t<h2 class=\"elementor-heading-title elementor-size-default\">C\u00f3mo trabajar<br>con Aganova<\/h2>\t\t\t\t<\/div>\n\t\t\t\t<\/div>\n\t\t\t\t\t<\/div>\n\t\t\t\t<\/div>\n\t\t<div class=\"elementor-element elementor-element-be0dfa2 e-flex e-con-boxed e-con e-parent\" data-id=\"be0dfa2\" data-element_type=\"container\" data-e-type=\"container\">\n\t\t\t\t\t<div class=\"e-con-inner\">\n\t\t<div class=\"elementor-element elementor-element-c015616 e-con-full e-flex e-con e-child\" data-id=\"c015616\" data-element_type=\"container\" data-e-type=\"container\" data-settings=\"{&quot;background_background&quot;:&quot;classic&quot;}\">\n\t\t\t\t<div class=\"elementor-element elementor-element-55e619a elementor-widget elementor-widget-text-editor\" data-id=\"55e619a\" data-element_type=\"widget\" data-e-type=\"widget\" data-widget_type=\"text-editor.default\">\n\t\t\t\t<div class=\"elementor-widget-container\">\n\t\t\t\t\t\t\t\t\t<p>En Aganova ofrecemos opciones contractuales flexibles para adaptarnos a las diferentes necesidades de nuestros socios y clientes. Nuestro objetivo es asegurar que nuestras tecnolog\u00edas avanzadas en detecci\u00f3n de fugas y evaluaci\u00f3n del estado de tuber\u00edas sean f\u00e1cilmente accesibles y se implementen eficazmente, garantizando el m\u00e1ximo valor y eficiencia.<\/p>\t\t\t\t\t\t\t\t<\/div>\n\t\t\t\t<\/div>\n\t\t\t\t<\/div>\n\t\t<div class=\"elementor-element elementor-element-6389903 e-con-full e-flex e-con e-child\" data-id=\"6389903\" data-element_type=\"container\" data-e-type=\"container\" data-settings=\"{&quot;background_background&quot;:&quot;classic&quot;}\">\n\t\t\t\t<div class=\"elementor-element elementor-element-837e3ae elementor-widget elementor-widget-spacer\" data-id=\"837e3ae\" data-element_type=\"widget\" data-e-type=\"widget\" data-widget_type=\"spacer.default\">\n\t\t\t\t<div class=\"elementor-widget-container\">\n\t\t\t\t\t\t\t<div class=\"elementor-spacer\">\n\t\t\t<div class=\"elementor-spacer-inner\"><\/div>\n\t\t<\/div>\n\t\t\t\t\t\t<\/div>\n\t\t\t\t<\/div>\n\t\t\t\t<\/div>\n\t\t\t\t\t<\/div>\n\t\t\t\t<\/div>\n\t\t<div class=\"elementor-element elementor-element-75e9f72 e-flex e-con-boxed e-con e-parent\" data-id=\"75e9f72\" data-element_type=\"container\" data-e-type=\"container\">\n\t\t\t\t\t<div class=\"e-con-inner\">\n\t\t<div class=\"elementor-element elementor-element-edbb643 e-con-full e-flex e-con e-child\" data-id=\"edbb643\" data-element_type=\"container\" data-e-type=\"container\" data-settings=\"{&quot;background_background&quot;:&quot;classic&quot;}\">\n\t\t\t\t<div class=\"elementor-element elementor-element-347fb13 elementor-widget elementor-widget-heading\" data-id=\"347fb13\" data-element_type=\"widget\" data-e-type=\"widget\" data-widget_type=\"heading.default\">\n\t\t\t\t<div class=\"elementor-widget-container\">\n\t\t\t\t\t<h2 class=\"elementor-heading-title elementor-size-default\">Servicios directos y alquiler + formaci\u00f3n (TSA)<\/h2>\t\t\t\t<\/div>\n\t\t\t\t<\/div>\n\t\t<div class=\"elementor-element elementor-element-3e42014 e-grid e-con-boxed e-con e-child\" data-id=\"3e42014\" data-element_type=\"container\" data-e-type=\"container\">\n\t\t\t\t\t<div class=\"e-con-inner\">\n\t\t<div class=\"elementor-element elementor-element-1610c11 e-flex e-con-boxed e-con e-child\" data-id=\"1610c11\" data-element_type=\"container\" data-e-type=\"container\">\n\t\t\t\t\t<div class=\"e-con-inner\">\n\t\t\t\t<div class=\"elementor-element elementor-element-6ccdf8f elementor-widget elementor-widget-heading\" data-id=\"6ccdf8f\" data-element_type=\"widget\" data-e-type=\"widget\" data-widget_type=\"heading.default\">\n\t\t\t\t<div class=\"elementor-widget-container\">\n\t\t\t\t\t<h2 class=\"elementor-heading-title elementor-size-default\">Servicios directos:<\/h2>\t\t\t\t<\/div>\n\t\t\t\t<\/div>\n\t\t\t\t<div class=\"elementor-element elementor-element-5cc591e elementor-widget elementor-widget-text-editor\" data-id=\"5cc591e\" data-element_type=\"widget\" data-e-type=\"widget\" data-widget_type=\"text-editor.default\">\n\t\t\t\t<div class=\"elementor-widget-container\">\n\t\t\t\t\t\t\t\t\t<p>Servicio llave en mano: Nuestro equipo de expertos realiza las inspecciones utilizando nuestra tecnolog\u00eda de \u00faltima generaci\u00f3n.<\/p>\t\t\t\t\t\t\t\t<\/div>\n\t\t\t\t<\/div>\n\t\t\t\t\t<\/div>\n\t\t\t\t<\/div>\n\t\t<div class=\"elementor-element elementor-element-e9b66d4 e-flex e-con-boxed e-con e-child\" data-id=\"e9b66d4\" data-element_type=\"container\" data-e-type=\"container\">\n\t\t\t\t\t<div class=\"e-con-inner\">\n\t\t\t\t<div class=\"elementor-element elementor-element-466f202 elementor-widget elementor-widget-heading\" data-id=\"466f202\" data-element_type=\"widget\" data-e-type=\"widget\" data-widget_type=\"heading.default\">\n\t\t\t\t<div class=\"elementor-widget-container\">\n\t\t\t\t\t<h2 class=\"elementor-heading-title elementor-size-default\">Alquiler de equipos y<br>programas de formaci\u00f3n: <\/h2>\t\t\t\t<\/div>\n\t\t\t\t<\/div>\n\t\t\t\t<div class=\"elementor-element elementor-element-15b9041 elementor-widget elementor-widget-text-editor\" data-id=\"15b9041\" data-element_type=\"widget\" data-e-type=\"widget\" data-widget_type=\"text-editor.default\">\n\t\t\t\t<div class=\"elementor-widget-container\">\n\t\t\t\t\t\t\t\t\t<p>Los socios o clientes pueden alquilar nuestros equipos avanzados para su propio uso y recibir una formaci\u00f3n completa a trav\u00e9s de nuestro Acuerdo de Tecnolog\u00eda y Servicio (TSA), que garantiza que los usuarios est\u00e9n totalmente capacitados para operar nuestra tecnolog\u00eda de manera eficiente, adem\u00e1s de contar con el apoyo continuo de Aganova.<\/p>\t\t\t\t\t\t\t\t<\/div>\n\t\t\t\t<\/div>\n\t\t\t\t\t<\/div>\n\t\t\t\t<\/div>\n\t\t\t\t\t<\/div>\n\t\t\t\t<\/div>\n\t\t\t\t<\/div>\n\t\t<div class=\"elementor-element elementor-element-cb10d0a e-con-full e-flex e-con e-child\" data-id=\"cb10d0a\" data-element_type=\"container\" data-e-type=\"container\" data-settings=\"{&quot;background_background&quot;:&quot;classic&quot;}\">\n\t\t\t\t<div class=\"elementor-element elementor-element-f171529 elementor-widget elementor-widget-heading\" data-id=\"f171529\" data-element_type=\"widget\" data-e-type=\"widget\" data-widget_type=\"heading.default\">\n\t\t\t\t<div class=\"elementor-widget-container\">\n\t\t\t\t\t<h2 class=\"elementor-heading-title elementor-size-default\">Red de socios locales<\/h2>\t\t\t\t<\/div>\n\t\t\t\t<\/div>\n\t\t<div class=\"elementor-element elementor-element-127616e e-grid e-con-boxed e-con e-child\" data-id=\"127616e\" data-element_type=\"container\" data-e-type=\"container\">\n\t\t\t\t\t<div class=\"e-con-inner\">\n\t\t<div class=\"elementor-element elementor-element-c8ba958 e-flex e-con-boxed e-con e-child\" data-id=\"c8ba958\" data-element_type=\"container\" data-e-type=\"container\">\n\t\t\t\t\t<div class=\"e-con-inner\">\n\t\t\t\t<div class=\"elementor-element elementor-element-812c6c0 elementor-widget elementor-widget-heading\" data-id=\"812c6c0\" data-element_type=\"widget\" data-e-type=\"widget\" data-widget_type=\"heading.default\">\n\t\t\t\t<div class=\"elementor-widget-container\">\n\t\t\t\t\t<h2 class=\"elementor-heading-title elementor-size-default\">Soporte local:<\/h2>\t\t\t\t<\/div>\n\t\t\t\t<\/div>\n\t\t\t\t<div class=\"elementor-element elementor-element-e15835f elementor-widget elementor-widget-text-editor\" data-id=\"e15835f\" data-element_type=\"widget\" data-e-type=\"widget\" data-widget_type=\"text-editor.default\">\n\t\t\t\t<div class=\"elementor-widget-container\">\n\t\t\t\t\t\t\t\t\t<p>Contamos con una s\u00f3lida red de socios locales, altamente capacitados y equipados, para ofrecer los servicios y la calidad de Aganova.<\/p>\t\t\t\t\t\t\t\t<\/div>\n\t\t\t\t<\/div>\n\t\t\t\t\t<\/div>\n\t\t\t\t<\/div>\n\t\t<div class=\"elementor-element elementor-element-4d121f8 e-flex e-con-boxed e-con e-child\" data-id=\"4d121f8\" data-element_type=\"container\" data-e-type=\"container\">\n\t\t\t\t\t<div class=\"e-con-inner\">\n\t\t\t\t<div class=\"elementor-element elementor-element-f1b05c2 elementor-widget elementor-widget-heading\" data-id=\"f1b05c2\" data-element_type=\"widget\" data-e-type=\"widget\" data-widget_type=\"heading.default\">\n\t\t\t\t<div class=\"elementor-widget-container\">\n\t\t\t\t\t<h2 class=\"elementor-heading-title elementor-size-default\">Oportunidades de colaboraci\u00f3n:<\/h2>\t\t\t\t<\/div>\n\t\t\t\t<\/div>\n\t\t\t\t<div class=\"elementor-element elementor-element-f2aedf2 elementor-widget elementor-widget-text-editor\" data-id=\"f2aedf2\" data-element_type=\"widget\" data-e-type=\"widget\" data-widget_type=\"text-editor.default\">\n\t\t\t\t<div class=\"elementor-widget-container\">\n\t\t\t\t\t\t\t\t\t<p>Convi\u00e9rtete en socio y \u00fanete a nosotros para ofrecer soluciones de inspecci\u00f3n de tuber\u00edas de primer nivel a nivel local.<\/p>\t\t\t\t\t\t\t\t<\/div>\n\t\t\t\t<\/div>\n\t\t\t\t\t<\/div>\n\t\t\t\t<\/div>\n\t\t\t\t\t<\/div>\n\t\t\t\t<\/div>\n\t\t\t\t<\/div>\n\t\t\t\t\t<\/div>\n\t\t\t\t<\/div>\n\t\t<div class=\"elementor-element elementor-element-dc2c1c7 e-flex e-con-boxed e-con e-parent\" data-id=\"dc2c1c7\" data-element_type=\"container\" data-e-type=\"container\">\n\t\t\t\t\t<div class=\"e-con-inner\">\n\t\t\t\t<div class=\"elementor-element elementor-element-f78199a elementor-widget elementor-widget-spacer\" data-id=\"f78199a\" data-element_type=\"widget\" data-e-type=\"widget\" data-widget_type=\"spacer.default\">\n\t\t\t\t<div class=\"elementor-widget-container\">\n\t\t\t\t\t\t\t<div class=\"elementor-spacer\">\n\t\t\t<div class=\"elementor-spacer-inner\"><\/div>\n\t\t<\/div>\n\t\t\t\t\t\t<\/div>\n\t\t\t\t<\/div>\n\t\t\t\t\t<\/div>\n\t\t\t\t<\/div>\n\t\t\t\t<\/div>\n\t\t","protected":false},"excerpt":{"rendered":"<p>Partners \u00bfEst\u00e1s listo? C\u00f3mo trabajarcon Aganova En Aganova ofrecemos opciones contractuales flexibles para adaptarnos a las diferentes necesidades de nuestros socios y clientes. Nuestro objetivo es asegurar que nuestras tecnolog\u00edas avanzadas en detecci\u00f3n de fugas y evaluaci\u00f3n del estado de tuber\u00edas sean f\u00e1cilmente accesibles y se implementen eficazmente, garantizando el m\u00e1ximo valor y eficiencia. Servicios [&hellip;]<\/p>\n","protected":false},"author":1,"featured_media":1695,"parent":0,"menu_order":0,"comment_status":"closed","ping_status":"closed","template":"","meta":{"content-type":"","footnotes":""},"case":[],"class_list":["post-1756","page","type-page","status-publish","has-post-thumbnail","hentry"],"yoast_head":"<!-- This site is optimized with the Yoast SEO Premium plugin v25.6 (Yoast SEO v27.3) - https:\/\/yoast.com\/product\/yoast-seo-premium-wordpress\/ -->\n<title>Partners y Colaboradores | Aganova<\/title>\n<meta name=\"description\" content=\"Parteners y colaboradores: Nuestro equipo de expertos realiza las inspecciones utilizando nuestra tecnolog\u00eda de vanguardia.\" \/>\n<meta name=\"robots\" content=\"index, follow, max-snippet:-1, max-image-preview:large, max-video-preview:-1\" \/>\n<link rel=\"canonical\" href=\"https:\/\/aganova.com\/es\/partners\/\" \/>\n<meta property=\"og:locale\" content=\"es_ES\" \/>\n<meta property=\"og:type\" content=\"article\" \/>\n<meta property=\"og:title\" content=\"Aganova - Inteligencia para tuber\u00edas de agua\" \/>\n<meta property=\"og:description\" content=\"Impulsando un futuro sostenible con tecnolog\u00eda avanzada de detecci\u00f3n de fugas.\" \/>\n<meta property=\"og:url\" content=\"https:\/\/aganova.com\/es\/partners\/\" \/>\n<meta property=\"og:site_name\" content=\"Aganova\" \/>\n<meta property=\"article:modified_time\" content=\"2026-01-05T09:39:22+00:00\" \/>\n<meta property=\"og:image\" content=\"https:\/\/aganova.com\/wp-content\/uploads\/2024\/06\/aganova-web-300x300.jpg\" \/>\n<meta name=\"twitter:card\" content=\"summary_large_image\" \/>\n<meta name=\"twitter:title\" content=\"Aganova - Inteligencia para tuber\u00edas de agua\" \/>\n<meta name=\"twitter:description\" content=\"Impulsando un futuro sostenible con tecnolog\u00eda avanzada de detecci\u00f3n de fugas.\" \/>\n<meta name=\"twitter:image\" content=\"https:\/\/aganova.com\/wp-content\/uploads\/2024\/06\/aganova-web.jpg\" \/>\n<meta name=\"twitter:label1\" content=\"Tiempo de lectura\" \/>\n\t<meta name=\"twitter:data1\" content=\"2 minutos\" \/>\n<script type=\"application\/ld+json\" class=\"yoast-schema-graph\">{\"@context\":\"https:\\\/\\\/schema.org\",\"@graph\":[{\"@type\":\"WebPage\",\"@id\":\"https:\\\/\\\/aganova.com\\\/es\\\/partners\\\/\",\"url\":\"https:\\\/\\\/aganova.com\\\/es\\\/partners\\\/\",\"name\":\"Partners y Colaboradores | Aganova\",\"isPartOf\":{\"@id\":\"https:\\\/\\\/aganova.com\\\/es\\\/#website\"},\"primaryImageOfPage\":{\"@id\":\"https:\\\/\\\/aganova.com\\\/es\\\/partners\\\/#primaryimage\"},\"image\":{\"@id\":\"https:\\\/\\\/aganova.com\\\/es\\\/partners\\\/#primaryimage\"},\"thumbnailUrl\":\"https:\\\/\\\/aganova.com\\\/wp-content\\\/uploads\\\/2024\\\/12\\\/nueva-imagen-furgon.webp\",\"datePublished\":\"2024-12-11T10:38:16+00:00\",\"dateModified\":\"2026-01-05T09:39:22+00:00\",\"description\":\"Parteners y colaboradores: Nuestro equipo de expertos realiza las inspecciones utilizando nuestra tecnolog\u00eda de vanguardia.\",\"breadcrumb\":{\"@id\":\"https:\\\/\\\/aganova.com\\\/es\\\/partners\\\/#breadcrumb\"},\"inLanguage\":\"es\",\"potentialAction\":[{\"@type\":\"ReadAction\",\"target\":[\"https:\\\/\\\/aganova.com\\\/es\\\/partners\\\/\"]}]},{\"@type\":\"ImageObject\",\"inLanguage\":\"es\",\"@id\":\"https:\\\/\\\/aganova.com\\\/es\\\/partners\\\/#primaryimage\",\"url\":\"https:\\\/\\\/aganova.com\\\/wp-content\\\/uploads\\\/2024\\\/12\\\/nueva-imagen-furgon.webp\",\"contentUrl\":\"https:\\\/\\\/aganova.com\\\/wp-content\\\/uploads\\\/2024\\\/12\\\/nueva-imagen-furgon.webp\",\"width\":1920,\"height\":1000,\"caption\":\"AI-driven water management\"},{\"@type\":\"BreadcrumbList\",\"@id\":\"https:\\\/\\\/aganova.com\\\/es\\\/partners\\\/#breadcrumb\",\"itemListElement\":[{\"@type\":\"ListItem\",\"position\":1,\"name\":\"Portada\",\"item\":\"https:\\\/\\\/aganova.com\\\/es\\\/\"},{\"@type\":\"ListItem\",\"position\":2,\"name\":\"Partners\"}]},{\"@type\":\"WebSite\",\"@id\":\"https:\\\/\\\/aganova.com\\\/es\\\/#website\",\"url\":\"https:\\\/\\\/aganova.com\\\/es\\\/\",\"name\":\"Aganova\",\"description\":\"\",\"publisher\":{\"@id\":\"https:\\\/\\\/aganova.com\\\/es\\\/#organization\"},\"potentialAction\":[{\"@type\":\"SearchAction\",\"target\":{\"@type\":\"EntryPoint\",\"urlTemplate\":\"https:\\\/\\\/aganova.com\\\/es\\\/?s={search_term_string}\"},\"query-input\":{\"@type\":\"PropertyValueSpecification\",\"valueRequired\":true,\"valueName\":\"search_term_string\"}}],\"inLanguage\":\"es\"},{\"@type\":\"Organization\",\"@id\":\"https:\\\/\\\/aganova.com\\\/es\\\/#organization\",\"name\":\"Aganova - Water Pipe Intelligence\",\"url\":\"https:\\\/\\\/aganova.com\\\/es\\\/\",\"logo\":{\"@type\":\"ImageObject\",\"inLanguage\":\"es\",\"@id\":\"https:\\\/\\\/aganova.com\\\/es\\\/#\\\/schema\\\/logo\\\/image\\\/\",\"url\":\"https:\\\/\\\/aganova.com\\\/wp-content\\\/uploads\\\/2024\\\/06\\\/aganova-web.jpg\",\"contentUrl\":\"https:\\\/\\\/aganova.com\\\/wp-content\\\/uploads\\\/2024\\\/06\\\/aganova-web.jpg\",\"width\":600,\"height\":600,\"caption\":\"Aganova - Water Pipe Intelligence\"},\"image\":{\"@id\":\"https:\\\/\\\/aganova.com\\\/es\\\/#\\\/schema\\\/logo\\\/image\\\/\"}}]}<\/script>\n<!-- \/ Yoast SEO Premium plugin. -->","yoast_head_json":{"title":"Partners y Colaboradores | Aganova","description":"Parteners y colaboradores: Nuestro equipo de expertos realiza las inspecciones utilizando nuestra tecnolog\u00eda de vanguardia.","robots":{"index":"index","follow":"follow","max-snippet":"max-snippet:-1","max-image-preview":"max-image-preview:large","max-video-preview":"max-video-preview:-1"},"canonical":"https:\/\/aganova.com\/es\/partners\/","og_locale":"es_ES","og_type":"article","og_title":"Aganova - Inteligencia para tuber\u00edas de agua","og_description":"Impulsando un futuro sostenible con tecnolog\u00eda avanzada de detecci\u00f3n de fugas.","og_url":"https:\/\/aganova.com\/es\/partners\/","og_site_name":"Aganova","article_modified_time":"2026-01-05T09:39:22+00:00","og_image":[{"url":"https:\/\/aganova.com\/wp-content\/uploads\/2024\/06\/aganova-web-300x300.jpg","type":"","width":"","height":""}],"twitter_card":"summary_large_image","twitter_title":"Aganova - Inteligencia para tuber\u00edas de agua","twitter_description":"Impulsando un futuro sostenible con tecnolog\u00eda avanzada de detecci\u00f3n de fugas.","twitter_image":"https:\/\/aganova.com\/wp-content\/uploads\/2024\/06\/aganova-web.jpg","twitter_misc":{"Tiempo de lectura":"2 minutos"},"schema":{"@context":"https:\/\/schema.org","@graph":[{"@type":"WebPage","@id":"https:\/\/aganova.com\/es\/partners\/","url":"https:\/\/aganova.com\/es\/partners\/","name":"Partners y Colaboradores | Aganova","isPartOf":{"@id":"https:\/\/aganova.com\/es\/#website"},"primaryImageOfPage":{"@id":"https:\/\/aganova.com\/es\/partners\/#primaryimage"},"image":{"@id":"https:\/\/aganova.com\/es\/partners\/#primaryimage"},"thumbnailUrl":"https:\/\/aganova.com\/wp-content\/uploads\/2024\/12\/nueva-imagen-furgon.webp","datePublished":"2024-12-11T10:38:16+00:00","dateModified":"2026-01-05T09:39:22+00:00","description":"Parteners y colaboradores: Nuestro equipo de expertos realiza las inspecciones utilizando nuestra tecnolog\u00eda de vanguardia.","breadcrumb":{"@id":"https:\/\/aganova.com\/es\/partners\/#breadcrumb"},"inLanguage":"es","potentialAction":[{"@type":"ReadAction","target":["https:\/\/aganova.com\/es\/partners\/"]}]},{"@type":"ImageObject","inLanguage":"es","@id":"https:\/\/aganova.com\/es\/partners\/#primaryimage","url":"https:\/\/aganova.com\/wp-content\/uploads\/2024\/12\/nueva-imagen-furgon.webp","contentUrl":"https:\/\/aganova.com\/wp-content\/uploads\/2024\/12\/nueva-imagen-furgon.webp","width":1920,"height":1000,"caption":"AI-driven water management"},{"@type":"BreadcrumbList","@id":"https:\/\/aganova.com\/es\/partners\/#breadcrumb","itemListElement":[{"@type":"ListItem","position":1,"name":"Portada","item":"https:\/\/aganova.com\/es\/"},{"@type":"ListItem","position":2,"name":"Partners"}]},{"@type":"WebSite","@id":"https:\/\/aganova.com\/es\/#website","url":"https:\/\/aganova.com\/es\/","name":"Aganova","description":"","publisher":{"@id":"https:\/\/aganova.com\/es\/#organization"},"potentialAction":[{"@type":"SearchAction","target":{"@type":"EntryPoint","urlTemplate":"https:\/\/aganova.com\/es\/?s={search_term_string}"},"query-input":{"@type":"PropertyValueSpecification","valueRequired":true,"valueName":"search_term_string"}}],"inLanguage":"es"},{"@type":"Organization","@id":"https:\/\/aganova.com\/es\/#organization","name":"Aganova - Water Pipe Intelligence","url":"https:\/\/aganova.com\/es\/","logo":{"@type":"ImageObject","inLanguage":"es","@id":"https:\/\/aganova.com\/es\/#\/schema\/logo\/image\/","url":"https:\/\/aganova.com\/wp-content\/uploads\/2024\/06\/aganova-web.jpg","contentUrl":"https:\/\/aganova.com\/wp-content\/uploads\/2024\/06\/aganova-web.jpg","width":600,"height":600,"caption":"Aganova - Water Pipe Intelligence"},"image":{"@id":"https:\/\/aganova.com\/es\/#\/schema\/logo\/image\/"}}]}},"_links":{"self":[{"href":"https:\/\/aganova.com\/es\/wp-json\/wp\/v2\/pages\/1756","targetHints":{"allow":["GET"]}}],"collection":[{"href":"https:\/\/aganova.com\/es\/wp-json\/wp\/v2\/pages"}],"about":[{"href":"https:\/\/aganova.com\/es\/wp-json\/wp\/v2\/types\/page"}],"author":[{"embeddable":true,"href":"https:\/\/aganova.com\/es\/wp-json\/wp\/v2\/users\/1"}],"replies":[{"embeddable":true,"href":"https:\/\/aganova.com\/es\/wp-json\/wp\/v2\/comments?post=1756"}],"version-history":[{"count":0,"href":"https:\/\/aganova.com\/es\/wp-json\/wp\/v2\/pages\/1756\/revisions"}],"wp:featuredmedia":[{"embeddable":true,"href":"https:\/\/aganova.com\/es\/wp-json\/wp\/v2\/media\/1695"}],"wp:attachment":[{"href":"https:\/\/aganova.com\/es\/wp-json\/wp\/v2\/media?parent=1756"}],"wp:term":[{"taxonomy":"case","embeddable":true,"href":"https:\/\/aganova.com\/es\/wp-json\/wp\/v2\/case?post=1756"}],"curies":[{"name":"wp","href":"https:\/\/api.w.org\/{rel}","templated":true}]}}