{"id":1770,"date":"2025-03-17T07:37:37","date_gmt":"2025-03-17T06:37:37","guid":{"rendered":"https:\/\/aganova.com\/politica-de-privacidad\/"},"modified":"2025-08-11T10:55:23","modified_gmt":"2025-08-11T08:55:23","slug":"politica-de-privacidad","status":"publish","type":"page","link":"https:\/\/aganova.com\/es\/politica-de-privacidad\/","title":{"rendered":"Pol\u00edtica de privacidad"},"content":{"rendered":"\t\t<div data-elementor-type=\"wp-page\" data-elementor-id=\"1770\" class=\"elementor elementor-1770 elementor-1226\" data-elementor-post-type=\"page\">\n\t\t\t\t<div class=\"elementor-element elementor-element-0d2cbee e-flex e-con-boxed e-con e-parent\" data-id=\"0d2cbee\" data-element_type=\"container\" data-e-type=\"container\" id=\"about-us\" data-settings=\"{&quot;background_background&quot;:&quot;classic&quot;}\">\n\t\t\t\t\t<div class=\"e-con-inner\">\n\t\t<div class=\"elementor-element elementor-element-3fe5d2c e-con-full e-flex e-con e-child\" data-id=\"3fe5d2c\" data-element_type=\"container\" data-e-type=\"container\">\n\t\t\t\t<div class=\"elementor-element elementor-element-eac9a93 elementor-widget elementor-widget-heading\" data-id=\"eac9a93\" data-element_type=\"widget\" data-e-type=\"widget\" data-widget_type=\"heading.default\">\n\t\t\t\t<div class=\"elementor-widget-container\">\n\t\t\t\t\t<h2 class=\"elementor-heading-title elementor-size-default\">POL\u00cdTICA DE PRIVACIDAD<\/h2>\t\t\t\t<\/div>\n\t\t\t\t<\/div>\n\t\t\t\t<div class=\"elementor-element elementor-element-dee9f50 elementor-widget elementor-widget-text-editor\" data-id=\"dee9f50\" data-element_type=\"widget\" data-e-type=\"widget\" data-widget_type=\"text-editor.default\">\n\t\t\t\t<div class=\"elementor-widget-container\">\n\t\t\t\t\t\t\t\t\t<div class=\"titulo\"><p><span class=\"jCAhz ChMk0b\"><span class=\"ryNqvb\">La privacidad es de gran importancia para AGANOVA S.L., y nuestro objetivo es mantener una actitud abierta y transparente al procesar sus datos personales.<\/span><\/span> <span class=\"jCAhz ChMk0b\"><span class=\"ryNqvb\">Por lo tanto, tenemos una pol\u00edtica que establece c\u00f3mo se procesan y protegen sus datos personales.<\/span><\/span><\/p><p><strong><span class=\"jCAhz ChMk0b\"><span class=\"ryNqvb\">\u00bfQui\u00e9n es el responsable del tratamiento de sus datos?<\/span><\/span><\/strong><\/p><p> <span class=\"jCAhz\"><span class=\"ryNqvb\"> AGANOVA S.L.<\/span><\/span> <span class=\"jCAhz\"><span class=\"ryNqvb\">|<\/span><\/span> <span class=\"jCAhz ChMk0b\"><span class=\"ryNqvb\">CIF: B92941988 |<\/span><\/span> <span class=\"jCAhz\"><span class=\"ryNqvb\">Direcci\u00f3n Postal: CAMPANILLAS (M\u00c1LAGA), C.P.<\/span><\/span> <span class=\"jCAhz ChMk0b\"><span class=\"ryNqvb\">29590, CALLE SEVERO OCHOA N.\u00ba 45 PARQUE TECNOL\u00d3GICO DE M\u00c1LAGA |<\/span><\/span><span class=\"jCAhz ChMk0b\"><span class=\"ryNqvb\"> Email: rgpd@aganova.com <\/span><\/span> <\/p><p> <\/p><p><strong><span class=\"jCAhz ChMk0b\"><span class=\"ryNqvb\">\u00bfCon qu\u00e9 finalidad tratamos sus datos personales?<\/span><\/span><\/strong><\/p><p><span class=\"jCAhz ChMk0b\"><span class=\"ryNqvb\"> En AGANOVA S.L., tratamos la informaci\u00f3n facilitada por los interesados con el fin de gestionar administrativa, contable y fiscalmente los servicios solicitados, as\u00ed como para enviar comunicaciones comerciales sobre nuestros productos y servicios, para lo cual usted ha dado su consentimiento.<\/span><\/span><\/p><p> <\/p><p><strong><span class=\"jCAhz\"><span class=\"ryNqvb\"> \u00bfDurante cu\u00e1nto tiempo conservaremos sus datos?<\/span><\/span><\/strong><span class=\"jCAhz ChMk0b\"><span class=\"ryNqvb\"> Los datos se conservar\u00e1n mientras se mantenga la relaci\u00f3n comercial y, en su caso, durante los a\u00f1os necesarios para cumplir con las obligaciones legales aplicables.<\/span><\/span><\/p><p> <\/p><p><strong><span class=\"jCAhz\"><span class=\"ryNqvb\">\u00bfCu\u00e1l es la base legal para el tratamiento de sus datos?<\/span><\/span><\/strong><\/p><p><span class=\"jCAhz ChMk0b\"><span class=\"ryNqvb\">Indicamos la base legal para el tratamiento de sus datos: &#8211; Ejecuci\u00f3n de un contrato: Prestaci\u00f3n de los servicios solicitados &#8211; Consentimiento del interesado: Env\u00edo de comunicaciones comerciales.<\/span><\/span><\/p><p> <\/p><p><strong><span class=\"jCAhz\"><span class=\"ryNqvb\">\u00bfA qu\u00e9 destinatarios se comunicar\u00e1n sus datos?<\/span><\/span><\/strong><\/p><p><span class=\"jCAhz ChMk0b\"><span class=\"ryNqvb\">Sus datos solo se ceder\u00e1n a terceros para los que hayamos obtenido debidamente su consentimiento, as\u00ed como para cumplir con las obligaciones legales.<\/span><\/span><span class=\"jCAhz\"><span class=\"ryNqvb\"> Transferencias de datos a terceros pa\u00edses <\/span><\/span><\/p><p><span class=\"jCAhz\"><span class=\"ryNqvb\">S\u00cd, a pa\u00edses dentro de la Uni\u00f3n Europea <\/span><\/span><\/p><p><span class=\"jCAhz\"><span class=\"ryNqvb\">S\u00cd, a pa\u00edses fuera de la Uni\u00f3n Europea<\/span><\/span><\/p><p> <\/p><p><strong><span class=\"jCAhz\"><span class=\"ryNqvb\"> \u00bfCu\u00e1les son sus derechos cuando nos facilita sus datos?<\/span><\/span><\/strong><\/p><p> <span class=\"jCAhz\"><span class=\"ryNqvb\"> Cualquier persona tiene derecho a obtener confirmaci\u00f3n sobre si AGANOVA S.L.<\/span><\/span> <span class=\"jCAhz ChMk0b\"><span class=\"ryNqvb\">est\u00e1 tratando datos personales que le conciernen o no.<\/span><\/span><\/p><p><span class=\"jCAhz ChMk0b\"><span class=\"ryNqvb\">Los interesados tienen derecho a acceder a sus datos personales, as\u00ed como a solicitar la rectificaci\u00f3n de los datos inexactos o, en su caso, a solicitar su supresi\u00f3n cuando, entre otros motivos, los datos ya no sean necesarios para los fines para los que fueron recogidos.<\/span><\/span><\/p><p><span class=\"jCAhz ChMk0b\"><span class=\"ryNqvb\"> En determinadas circunstancias, los interesados podr\u00e1n solicitar la limitaci\u00f3n del tratamiento de sus datos, en cuyo caso \u00fanicamente los conservaremos para el ejercicio o la defensa de reclamaciones.<\/span><\/span><\/p><p><span class=\"jCAhz\"><span class=\"ryNqvb\">En determinadas circunstancias y por motivos relacionados con su situaci\u00f3n particular, los interesados podr\u00e1n oponerse al tratamiento de sus datos.<\/span><\/span> <span class=\"jCAhz\"><span class=\"ryNqvb\">En este caso, AGANOVA S.L.<\/span><\/span> <span class=\"jCAhz\"><span class=\"ryNqvb\">dejar\u00e1 de tratar los datos, salvo por motivos leg\u00edtimos imperiosos, o para el ejercicio o la defensa de posibles reclamaciones legales.<\/span><\/span><\/p><p><span class=\"jCAhz\"><span class=\"ryNqvb\">Puede ejercer materialmente sus derechos poni\u00e9ndose en contacto con la direcci\u00f3n de correo electr\u00f3nico del responsable del tratamiento que figura m\u00e1s arriba, adjuntando una copia de su DNI o documento identificativo.<\/span><\/span><\/p><p><span class=\"jCAhz\"><span class=\"ryNqvb\">Si ha dado su consentimiento para una finalidad espec\u00edfica, tiene derecho a retirar el consentimiento otorgado en cualquier momento, sin que ello afecte a la licitud del tratamiento basado en el consentimiento previo a su retirada.<\/span><\/span><\/p><p><span class=\"jCAhz\"><span class=\"ryNqvb\">Si considera que se han vulnerado sus derechos en materia de protecci\u00f3n de datos personales, especialmente cuando no haya obtenido satisfacci\u00f3n en el ejercicio de sus derechos, puede presentar una reclamaci\u00f3n ante la Autoridad de Control de Protecci\u00f3n de Datos competente a trav\u00e9s de su sitio web: WWW.AEPD.ES <\/span><\/span><\/p><p> <\/p><p><strong><span class=\"jCAhz\"><span class=\"ryNqvb\">\u00bfC\u00f3mo hemos obtenido sus datos?<\/span><\/span><\/strong><\/p><p><span class=\"jCAhz\"><span class=\"ryNqvb\">Los datos personales que tratamos en AGANOVA S.L.<\/span><\/span> <span class=\"jCAhz\"><span class=\"ryNqvb\">han sido facilitados directamente por el interesado.<\/span><\/span> <span class=\"jCAhz\"><span class=\"ryNqvb\">Las categor\u00edas de datos que se tratan son: &#8211; Datos de identificaci\u00f3n &#8211; Direcciones postales y de correo electr\u00f3nico &#8211; Informaci\u00f3n comercial<\/span><\/span><\/p><\/div>\t\t\t\t\t\t\t\t<\/div>\n\t\t\t\t<\/div>\n\t\t\t\t<\/div>\n\t\t\t\t\t<\/div>\n\t\t\t\t<\/div>\n\t\t\t\t<\/div>\n\t\t","protected":false},"excerpt":{"rendered":"<p>POL\u00cdTICA DE PRIVACIDAD La privacidad es de gran importancia para AGANOVA S.L., y nuestro objetivo es mantener una actitud abierta y transparente al procesar sus datos personales. Por lo tanto, tenemos una pol\u00edtica que establece c\u00f3mo se procesan y protegen sus datos personales. \u00bfQui\u00e9n es el responsable del tratamiento de sus datos? AGANOVA S.L. | [&hellip;]<\/p>\n","protected":false},"author":1,"featured_media":0,"parent":0,"menu_order":0,"comment_status":"closed","ping_status":"closed","template":"","meta":{"content-type":"","footnotes":""},"case":[],"class_list":["post-1770","page","type-page","status-publish","hentry"],"yoast_head":"<!-- This site is optimized with the Yoast SEO Premium plugin v25.6 (Yoast SEO v27.3) - https:\/\/yoast.com\/product\/yoast-seo-premium-wordpress\/ -->\n<title>Pol\u00edtica de privacidad - Aganova<\/title>\n<meta name=\"robots\" content=\"noindex, follow\" \/>\n<meta property=\"og:locale\" content=\"es_ES\" \/>\n<meta property=\"og:type\" content=\"article\" \/>\n<meta property=\"og:title\" content=\"Pol\u00edtica de privacidad\" \/>\n<meta property=\"og:description\" content=\"POL\u00cdTICA DE PRIVACIDAD La privacidad es de gran importancia para AGANOVA S.L., y nuestro objetivo es mantener una actitud abierta y transparente al procesar sus datos personales. Por lo tanto, tenemos una pol\u00edtica que establece c\u00f3mo se procesan y protegen sus datos personales. \u00bfQui\u00e9n es el responsable del tratamiento de sus datos? AGANOVA S.L. | [&hellip;]\" \/>\n<meta property=\"og:url\" content=\"https:\/\/aganova.com\/es\/politica-de-privacidad\/\" \/>\n<meta property=\"og:site_name\" content=\"Aganova\" \/>\n<meta property=\"article:modified_time\" content=\"2025-08-11T08:55:23+00:00\" \/>\n<meta name=\"twitter:card\" content=\"summary_large_image\" \/>\n<meta name=\"twitter:label1\" content=\"Tiempo de lectura\" \/>\n\t<meta name=\"twitter:data1\" content=\"3 minutos\" \/>\n<script type=\"application\/ld+json\" class=\"yoast-schema-graph\">{\"@context\":\"https:\\\/\\\/schema.org\",\"@graph\":[{\"@type\":\"WebPage\",\"@id\":\"https:\\\/\\\/aganova.com\\\/es\\\/politica-de-privacidad\\\/\",\"url\":\"https:\\\/\\\/aganova.com\\\/es\\\/politica-de-privacidad\\\/\",\"name\":\"Pol\u00edtica de privacidad - Aganova\",\"isPartOf\":{\"@id\":\"https:\\\/\\\/aganova.com\\\/es\\\/#website\"},\"datePublished\":\"2025-03-17T06:37:37+00:00\",\"dateModified\":\"2025-08-11T08:55:23+00:00\",\"breadcrumb\":{\"@id\":\"https:\\\/\\\/aganova.com\\\/es\\\/politica-de-privacidad\\\/#breadcrumb\"},\"inLanguage\":\"es\",\"potentialAction\":[{\"@type\":\"ReadAction\",\"target\":[\"https:\\\/\\\/aganova.com\\\/es\\\/politica-de-privacidad\\\/\"]}]},{\"@type\":\"BreadcrumbList\",\"@id\":\"https:\\\/\\\/aganova.com\\\/es\\\/politica-de-privacidad\\\/#breadcrumb\",\"itemListElement\":[{\"@type\":\"ListItem\",\"position\":1,\"name\":\"Portada\",\"item\":\"https:\\\/\\\/aganova.com\\\/es\\\/\"},{\"@type\":\"ListItem\",\"position\":2,\"name\":\"Pol\u00edtica de privacidad\"}]},{\"@type\":\"WebSite\",\"@id\":\"https:\\\/\\\/aganova.com\\\/es\\\/#website\",\"url\":\"https:\\\/\\\/aganova.com\\\/es\\\/\",\"name\":\"Aganova\",\"description\":\"\",\"publisher\":{\"@id\":\"https:\\\/\\\/aganova.com\\\/es\\\/#organization\"},\"potentialAction\":[{\"@type\":\"SearchAction\",\"target\":{\"@type\":\"EntryPoint\",\"urlTemplate\":\"https:\\\/\\\/aganova.com\\\/es\\\/?s={search_term_string}\"},\"query-input\":{\"@type\":\"PropertyValueSpecification\",\"valueRequired\":true,\"valueName\":\"search_term_string\"}}],\"inLanguage\":\"es\"},{\"@type\":\"Organization\",\"@id\":\"https:\\\/\\\/aganova.com\\\/es\\\/#organization\",\"name\":\"Aganova - Water Pipe Intelligence\",\"url\":\"https:\\\/\\\/aganova.com\\\/es\\\/\",\"logo\":{\"@type\":\"ImageObject\",\"inLanguage\":\"es\",\"@id\":\"https:\\\/\\\/aganova.com\\\/es\\\/#\\\/schema\\\/logo\\\/image\\\/\",\"url\":\"https:\\\/\\\/aganova.com\\\/wp-content\\\/uploads\\\/2024\\\/06\\\/aganova-web.jpg\",\"contentUrl\":\"https:\\\/\\\/aganova.com\\\/wp-content\\\/uploads\\\/2024\\\/06\\\/aganova-web.jpg\",\"width\":600,\"height\":600,\"caption\":\"Aganova - Water Pipe Intelligence\"},\"image\":{\"@id\":\"https:\\\/\\\/aganova.com\\\/es\\\/#\\\/schema\\\/logo\\\/image\\\/\"}}]}<\/script>\n<!-- \/ Yoast SEO Premium plugin. -->","yoast_head_json":{"title":"Pol\u00edtica de privacidad - Aganova","robots":{"index":"noindex","follow":"follow"},"og_locale":"es_ES","og_type":"article","og_title":"Pol\u00edtica de privacidad","og_description":"POL\u00cdTICA DE PRIVACIDAD La privacidad es de gran importancia para AGANOVA S.L., y nuestro objetivo es mantener una actitud abierta y transparente al procesar sus datos personales. Por lo tanto, tenemos una pol\u00edtica que establece c\u00f3mo se procesan y protegen sus datos personales. \u00bfQui\u00e9n es el responsable del tratamiento de sus datos? AGANOVA S.L. | [&hellip;]","og_url":"https:\/\/aganova.com\/es\/politica-de-privacidad\/","og_site_name":"Aganova","article_modified_time":"2025-08-11T08:55:23+00:00","twitter_card":"summary_large_image","twitter_misc":{"Tiempo de lectura":"3 minutos"},"schema":{"@context":"https:\/\/schema.org","@graph":[{"@type":"WebPage","@id":"https:\/\/aganova.com\/es\/politica-de-privacidad\/","url":"https:\/\/aganova.com\/es\/politica-de-privacidad\/","name":"Pol\u00edtica de privacidad - Aganova","isPartOf":{"@id":"https:\/\/aganova.com\/es\/#website"},"datePublished":"2025-03-17T06:37:37+00:00","dateModified":"2025-08-11T08:55:23+00:00","breadcrumb":{"@id":"https:\/\/aganova.com\/es\/politica-de-privacidad\/#breadcrumb"},"inLanguage":"es","potentialAction":[{"@type":"ReadAction","target":["https:\/\/aganova.com\/es\/politica-de-privacidad\/"]}]},{"@type":"BreadcrumbList","@id":"https:\/\/aganova.com\/es\/politica-de-privacidad\/#breadcrumb","itemListElement":[{"@type":"ListItem","position":1,"name":"Portada","item":"https:\/\/aganova.com\/es\/"},{"@type":"ListItem","position":2,"name":"Pol\u00edtica de privacidad"}]},{"@type":"WebSite","@id":"https:\/\/aganova.com\/es\/#website","url":"https:\/\/aganova.com\/es\/","name":"Aganova","description":"","publisher":{"@id":"https:\/\/aganova.com\/es\/#organization"},"potentialAction":[{"@type":"SearchAction","target":{"@type":"EntryPoint","urlTemplate":"https:\/\/aganova.com\/es\/?s={search_term_string}"},"query-input":{"@type":"PropertyValueSpecification","valueRequired":true,"valueName":"search_term_string"}}],"inLanguage":"es"},{"@type":"Organization","@id":"https:\/\/aganova.com\/es\/#organization","name":"Aganova - Water Pipe Intelligence","url":"https:\/\/aganova.com\/es\/","logo":{"@type":"ImageObject","inLanguage":"es","@id":"https:\/\/aganova.com\/es\/#\/schema\/logo\/image\/","url":"https:\/\/aganova.com\/wp-content\/uploads\/2024\/06\/aganova-web.jpg","contentUrl":"https:\/\/aganova.com\/wp-content\/uploads\/2024\/06\/aganova-web.jpg","width":600,"height":600,"caption":"Aganova - Water Pipe Intelligence"},"image":{"@id":"https:\/\/aganova.com\/es\/#\/schema\/logo\/image\/"}}]}},"_links":{"self":[{"href":"https:\/\/aganova.com\/es\/wp-json\/wp\/v2\/pages\/1770","targetHints":{"allow":["GET"]}}],"collection":[{"href":"https:\/\/aganova.com\/es\/wp-json\/wp\/v2\/pages"}],"about":[{"href":"https:\/\/aganova.com\/es\/wp-json\/wp\/v2\/types\/page"}],"author":[{"embeddable":true,"href":"https:\/\/aganova.com\/es\/wp-json\/wp\/v2\/users\/1"}],"replies":[{"embeddable":true,"href":"https:\/\/aganova.com\/es\/wp-json\/wp\/v2\/comments?post=1770"}],"version-history":[{"count":0,"href":"https:\/\/aganova.com\/es\/wp-json\/wp\/v2\/pages\/1770\/revisions"}],"wp:attachment":[{"href":"https:\/\/aganova.com\/es\/wp-json\/wp\/v2\/media?parent=1770"}],"wp:term":[{"taxonomy":"case","embeddable":true,"href":"https:\/\/aganova.com\/es\/wp-json\/wp\/v2\/case?post=1770"}],"curies":[{"name":"wp","href":"https:\/\/api.w.org\/{rel}","templated":true}]}}