{"id":1777,"date":"2024-06-14T09:59:32","date_gmt":"2024-06-14T07:59:32","guid":{"rendered":"https:\/\/aganova.com\/politica-de-cookies\/"},"modified":"2025-10-03T11:28:29","modified_gmt":"2025-10-03T09:28:29","slug":"politica-de-cookies","status":"publish","type":"page","link":"https:\/\/aganova.com\/es\/politica-de-cookies\/","title":{"rendered":"Pol\u00edtica de cookies"},"content":{"rendered":"\t\t<div data-elementor-type=\"wp-page\" data-elementor-id=\"1777\" class=\"elementor elementor-1777 elementor-341\" data-elementor-post-type=\"page\">\n\t\t\t\t<div class=\"elementor-element elementor-element-0d2cbee e-flex e-con-boxed e-con e-parent\" data-id=\"0d2cbee\" data-element_type=\"container\" data-e-type=\"container\" id=\"about-us\" data-settings=\"{&quot;background_background&quot;:&quot;classic&quot;}\">\n\t\t\t\t\t<div class=\"e-con-inner\">\n\t\t<div class=\"elementor-element elementor-element-3fe5d2c e-con-full e-flex e-con e-child\" data-id=\"3fe5d2c\" data-element_type=\"container\" data-e-type=\"container\">\n\t\t\t\t<div class=\"elementor-element elementor-element-1f40ba4 elementor-widget elementor-widget-heading\" data-id=\"1f40ba4\" data-element_type=\"widget\" data-e-type=\"widget\" data-widget_type=\"heading.default\">\n\t\t\t\t<div class=\"elementor-widget-container\">\n\t\t\t\t\t<h2 class=\"elementor-heading-title elementor-size-default\">Pol\u00edtica de cookies<\/h2>\t\t\t\t<\/div>\n\t\t\t\t<\/div>\n\t\t\t\t<div class=\"elementor-element elementor-element-1f7d647 elementor-widget elementor-widget-text-editor\" data-id=\"1f7d647\" data-element_type=\"widget\" data-e-type=\"widget\" data-widget_type=\"text-editor.default\">\n\t\t\t\t<div class=\"elementor-widget-container\">\n\t\t\t\t\t\t\t\t\t<div class=\"titulo\"><p>Esta pol\u00edtica de cookies se actual\u00f3 por \u00faltima vez el 14 de junio de 2024 y se aplica a ciudadanos y residentes legales permanentes del Espacio Econ\u00f3mico Europeo y Suiza.<\/p><p><strong>1. Introducci\u00f3n<\/strong><br>Nuestro sitio web, https:\/\/aganova.com (en adelante: \u201cel sitio web\u201d) utiliza cookies y otras tecnolog\u00edas relacionadas (para mayor comodidad, todas las tecnolog\u00edas se denominan \u201ccookies\u201d). Las cookies tambi\u00e9n son colocadas por terceros con los que hemos contratado. En el siguiente documento le informamos sobre el uso de cookies en nuestro sitio web.  <\/p><p> <\/p><p><strong>2. \u00bfQu\u00e9 son las cookies?<\/strong><br>Una cookie es un peque\u00f1o archivo que se env\u00eda junto con las p\u00e1ginas de este sitio web y que su navegador almacena en el disco duro de su ordenador u otro dispositivo. La informaci\u00f3n almacenada puede ser devuelta a nuestros servidores o a los servidores de terceros correspondientes durante una visita posterior. <\/p><p> <\/p><p><strong>3. \u00bfQu\u00e9 son los scripts?<\/strong><br>Un script es un fragmento de c\u00f3digo de programa que se utiliza para que nuestro sitio web funcione correctamente e interact\u00fae. Este c\u00f3digo se ejecuta en nuestro servidor o en su dispositivo. <\/p><p> <\/p><p><strong>4. \u00bfQu\u00e9 es una baliza web?<\/strong><br>Una baliza web (o etiqueta de p\u00edxel) es una peque\u00f1a pieza invisible de texto o imagen en un sitio web que se utiliza para supervisar el tr\u00e1fico en un sitio web. Para ello, estos web beacons almacenan diversos datos sobre usted. <\/p><p> <\/p><p><strong>5. Cookies<\/strong><br>\n  <em>5.1 Cookies t\u00e9cnicas o funcionales<\/em>\n<\/p><p>Algunas cookies garantizan que ciertas partes del sitio web funcionen correctamente y que sus preferencias de usuario sigan siendo recordadas. Al colocar cookies funcionales, le facilitamos la visita a nuestro sitio web. De esta manera, no necesita introducir repetidamente la misma informaci\u00f3n cuando visita nuestro sitio web y, por ejemplo, los art\u00edculos permanecen en su cesta de la compra hasta que haya pagado. Podemos colocar estas cookies sin su consentimiento.   <\/p><p><em>5.2 Cookies de marketing\/seguimiento<\/em><\/p><p>Las cookies de marketing\/seguimiento son cookies, o cualquier otra forma de almacenamiento local, que se utilizan para crear perfiles de usuario para mostrar publicidad o para rastrear al usuario en este sitio web o en varios sitios web con fines de marketing similares.<\/p><p> <\/p><p><strong>6. Cookies utilizadas<\/strong><br>Elementor<br>Estad\u00edsticas (an\u00f3nimo)<\/p><p>Consentimiento para el servicio Elementor<br>WordPress<br>Funcional<\/p><p><br><strong>7. Consentimiento<\/strong><br>Cuando visite nuestro sitio web por primera vez, le mostraremos una ventana emergente con una explicaci\u00f3n sobre las cookies. Tan pronto como haga clic en \u201cGuardar preferencias\u201d, usted acepta nuestro uso de las categor\u00edas de cookies y plugins que ha seleccionado en la ventana emergente, como se describe en esta pol\u00edtica de cookies. Puede desactivar el uso de cookies a trav\u00e9s de su navegador, pero tenga en cuenta que nuestro sitio web puede dejar de funcionar correctamente.  <\/p><p><em>7.1 Administre su configuraci\u00f3n de consentimiento<\/em><\/p><p>Funcional<br>Siempre activo<br>Marketing<\/p><p><br><strong>8. Activaci\u00f3n\/desactivaci\u00f3n y eliminaci\u00f3n de cookies<\/strong><br>Puede utilizar su navegador de Internet para eliminar las cookies de forma autom\u00e1tica o manual. Tambi\u00e9n puede especificar que no se puedan colocar determinadas cookies. Otra opci\u00f3n es cambiar la configuraci\u00f3n de su navegador de Internet para que reciba un mensaje cada vez que se coloque una cookie. Para obtener m\u00e1s informaci\u00f3n sobre estas opciones, consulte las instrucciones de la secci\u00f3n \u201cAyuda\u201d de su navegador.   <\/p><p>Tenga en cuenta que es posible que nuestro sitio web no funcione correctamente si todas las cookies est\u00e1n desactivadas. Si elimina las cookies de su navegador, se volver\u00e1n a colocar despu\u00e9s de su consentimiento cuando vuelva a visitar nuestros sitios web. <\/p><p> <\/p><p><strong>9. Sus derechos con respecto a los datos personales<\/strong><br>Usted tiene los siguientes derechos con respecto a sus datos personales:<\/p><p>Tiene derecho a saber por qu\u00e9 se necesitan sus datos personales, qu\u00e9 ocurrir\u00e1 con ellos y durante cu\u00e1nto tiempo se conservar\u00e1n.<br>Derecho de acceso: tiene derecho a acceder a sus datos personales que conocemos.<br>Derecho de rectificaci\u00f3n: tiene derecho a completar, rectificar, eliminar o bloquear sus datos personales cuando lo desee.<br>Si nos da su consentimiento para procesar sus datos, tiene derecho a revocar ese consentimiento y a que se eliminen sus datos personales.<br>Derecho a transferir sus datos: tiene derecho a solicitar todos sus datos personales al responsable del tratamiento y a transferirlos en su totalidad a otro responsable del tratamiento.<br>Derecho de oposici\u00f3n: puede oponerse al tratamiento de sus datos. Cumplimos con esto, a menos que existan motivos justificados para el tratamiento.<br>Para ejercer estos derechos, p\u00f3ngase en contacto con nosotros. Consulte los datos de contacto al final de esta pol\u00edtica de cookies. Si tiene alguna queja sobre c\u00f3mo gestionamos sus datos, nos gustar\u00eda que nos lo hiciera saber, pero tambi\u00e9n tiene derecho a presentar una queja ante la autoridad de control (la   <\/p><\/div>\t\t\t\t\t\t\t\t<\/div>\n\t\t\t\t<\/div>\n\t\t\t\t<\/div>\n\t\t\t\t\t<\/div>\n\t\t\t\t<\/div>\n\t\t\t\t<\/div>\n\t\t","protected":false},"excerpt":{"rendered":"<p>Pol\u00edtica de cookies Esta pol\u00edtica de cookies se actual\u00f3 por \u00faltima vez el 14 de junio de 2024 y se aplica a ciudadanos y residentes legales permanentes del Espacio Econ\u00f3mico Europeo y Suiza. 1. Introducci\u00f3nNuestro sitio web, https:\/\/aganova.com (en adelante: \u201cel sitio web\u201d) utiliza cookies y otras tecnolog\u00edas relacionadas (para mayor comodidad, todas las tecnolog\u00edas [&hellip;]<\/p>\n","protected":false},"author":1,"featured_media":0,"parent":0,"menu_order":0,"comment_status":"closed","ping_status":"closed","template":"","meta":{"content-type":"","footnotes":""},"case":[],"class_list":["post-1777","page","type-page","status-publish","hentry"],"yoast_head":"<!-- This site is optimized with the Yoast SEO Premium plugin v25.6 (Yoast SEO v27.3) - https:\/\/yoast.com\/product\/yoast-seo-premium-wordpress\/ -->\n<title>Pol\u00edtica de cookies - Aganova<\/title>\n<meta name=\"robots\" content=\"noindex, follow\" \/>\n<meta property=\"og:locale\" content=\"es_ES\" \/>\n<meta property=\"og:type\" content=\"article\" \/>\n<meta property=\"og:title\" content=\"Pol\u00edtica de cookies\" \/>\n<meta property=\"og:description\" content=\"Pol\u00edtica de cookies Esta pol\u00edtica de cookies se actual\u00f3 por \u00faltima vez el 14 de junio de 2024 y se aplica a ciudadanos y residentes legales permanentes del Espacio Econ\u00f3mico Europeo y Suiza. 1. Introducci\u00f3nNuestro sitio web, https:\/\/aganova.com (en adelante: \u201cel sitio web\u201d) utiliza cookies y otras tecnolog\u00edas relacionadas (para mayor comodidad, todas las tecnolog\u00edas [&hellip;]\" \/>\n<meta property=\"og:url\" content=\"https:\/\/aganova.com\/es\/politica-de-cookies\/\" \/>\n<meta property=\"og:site_name\" content=\"Aganova\" \/>\n<meta property=\"article:modified_time\" content=\"2025-10-03T09:28:29+00:00\" \/>\n<meta name=\"twitter:card\" content=\"summary_large_image\" \/>\n<meta name=\"twitter:label1\" content=\"Tiempo de lectura\" \/>\n\t<meta name=\"twitter:data1\" content=\"4 minutos\" \/>\n<script type=\"application\/ld+json\" class=\"yoast-schema-graph\">{\"@context\":\"https:\\\/\\\/schema.org\",\"@graph\":[{\"@type\":\"WebPage\",\"@id\":\"https:\\\/\\\/aganova.com\\\/es\\\/politica-de-cookies\\\/\",\"url\":\"https:\\\/\\\/aganova.com\\\/es\\\/politica-de-cookies\\\/\",\"name\":\"Pol\u00edtica de cookies - Aganova\",\"isPartOf\":{\"@id\":\"https:\\\/\\\/aganova.com\\\/es\\\/#website\"},\"datePublished\":\"2024-06-14T07:59:32+00:00\",\"dateModified\":\"2025-10-03T09:28:29+00:00\",\"breadcrumb\":{\"@id\":\"https:\\\/\\\/aganova.com\\\/es\\\/politica-de-cookies\\\/#breadcrumb\"},\"inLanguage\":\"es\",\"potentialAction\":[{\"@type\":\"ReadAction\",\"target\":[\"https:\\\/\\\/aganova.com\\\/es\\\/politica-de-cookies\\\/\"]}]},{\"@type\":\"BreadcrumbList\",\"@id\":\"https:\\\/\\\/aganova.com\\\/es\\\/politica-de-cookies\\\/#breadcrumb\",\"itemListElement\":[{\"@type\":\"ListItem\",\"position\":1,\"name\":\"Portada\",\"item\":\"https:\\\/\\\/aganova.com\\\/es\\\/\"},{\"@type\":\"ListItem\",\"position\":2,\"name\":\"Pol\u00edtica de cookies\"}]},{\"@type\":\"WebSite\",\"@id\":\"https:\\\/\\\/aganova.com\\\/es\\\/#website\",\"url\":\"https:\\\/\\\/aganova.com\\\/es\\\/\",\"name\":\"Aganova\",\"description\":\"\",\"publisher\":{\"@id\":\"https:\\\/\\\/aganova.com\\\/es\\\/#organization\"},\"potentialAction\":[{\"@type\":\"SearchAction\",\"target\":{\"@type\":\"EntryPoint\",\"urlTemplate\":\"https:\\\/\\\/aganova.com\\\/es\\\/?s={search_term_string}\"},\"query-input\":{\"@type\":\"PropertyValueSpecification\",\"valueRequired\":true,\"valueName\":\"search_term_string\"}}],\"inLanguage\":\"es\"},{\"@type\":\"Organization\",\"@id\":\"https:\\\/\\\/aganova.com\\\/es\\\/#organization\",\"name\":\"Aganova - Water Pipe Intelligence\",\"url\":\"https:\\\/\\\/aganova.com\\\/es\\\/\",\"logo\":{\"@type\":\"ImageObject\",\"inLanguage\":\"es\",\"@id\":\"https:\\\/\\\/aganova.com\\\/es\\\/#\\\/schema\\\/logo\\\/image\\\/\",\"url\":\"https:\\\/\\\/aganova.com\\\/wp-content\\\/uploads\\\/2024\\\/06\\\/aganova-web.jpg\",\"contentUrl\":\"https:\\\/\\\/aganova.com\\\/wp-content\\\/uploads\\\/2024\\\/06\\\/aganova-web.jpg\",\"width\":600,\"height\":600,\"caption\":\"Aganova - Water Pipe Intelligence\"},\"image\":{\"@id\":\"https:\\\/\\\/aganova.com\\\/es\\\/#\\\/schema\\\/logo\\\/image\\\/\"}}]}<\/script>\n<!-- \/ Yoast SEO Premium plugin. -->","yoast_head_json":{"title":"Pol\u00edtica de cookies - Aganova","robots":{"index":"noindex","follow":"follow"},"og_locale":"es_ES","og_type":"article","og_title":"Pol\u00edtica de cookies","og_description":"Pol\u00edtica de cookies Esta pol\u00edtica de cookies se actual\u00f3 por \u00faltima vez el 14 de junio de 2024 y se aplica a ciudadanos y residentes legales permanentes del Espacio Econ\u00f3mico Europeo y Suiza. 1. Introducci\u00f3nNuestro sitio web, https:\/\/aganova.com (en adelante: \u201cel sitio web\u201d) utiliza cookies y otras tecnolog\u00edas relacionadas (para mayor comodidad, todas las tecnolog\u00edas [&hellip;]","og_url":"https:\/\/aganova.com\/es\/politica-de-cookies\/","og_site_name":"Aganova","article_modified_time":"2025-10-03T09:28:29+00:00","twitter_card":"summary_large_image","twitter_misc":{"Tiempo de lectura":"4 minutos"},"schema":{"@context":"https:\/\/schema.org","@graph":[{"@type":"WebPage","@id":"https:\/\/aganova.com\/es\/politica-de-cookies\/","url":"https:\/\/aganova.com\/es\/politica-de-cookies\/","name":"Pol\u00edtica de cookies - Aganova","isPartOf":{"@id":"https:\/\/aganova.com\/es\/#website"},"datePublished":"2024-06-14T07:59:32+00:00","dateModified":"2025-10-03T09:28:29+00:00","breadcrumb":{"@id":"https:\/\/aganova.com\/es\/politica-de-cookies\/#breadcrumb"},"inLanguage":"es","potentialAction":[{"@type":"ReadAction","target":["https:\/\/aganova.com\/es\/politica-de-cookies\/"]}]},{"@type":"BreadcrumbList","@id":"https:\/\/aganova.com\/es\/politica-de-cookies\/#breadcrumb","itemListElement":[{"@type":"ListItem","position":1,"name":"Portada","item":"https:\/\/aganova.com\/es\/"},{"@type":"ListItem","position":2,"name":"Pol\u00edtica de cookies"}]},{"@type":"WebSite","@id":"https:\/\/aganova.com\/es\/#website","url":"https:\/\/aganova.com\/es\/","name":"Aganova","description":"","publisher":{"@id":"https:\/\/aganova.com\/es\/#organization"},"potentialAction":[{"@type":"SearchAction","target":{"@type":"EntryPoint","urlTemplate":"https:\/\/aganova.com\/es\/?s={search_term_string}"},"query-input":{"@type":"PropertyValueSpecification","valueRequired":true,"valueName":"search_term_string"}}],"inLanguage":"es"},{"@type":"Organization","@id":"https:\/\/aganova.com\/es\/#organization","name":"Aganova - Water Pipe Intelligence","url":"https:\/\/aganova.com\/es\/","logo":{"@type":"ImageObject","inLanguage":"es","@id":"https:\/\/aganova.com\/es\/#\/schema\/logo\/image\/","url":"https:\/\/aganova.com\/wp-content\/uploads\/2024\/06\/aganova-web.jpg","contentUrl":"https:\/\/aganova.com\/wp-content\/uploads\/2024\/06\/aganova-web.jpg","width":600,"height":600,"caption":"Aganova - Water Pipe Intelligence"},"image":{"@id":"https:\/\/aganova.com\/es\/#\/schema\/logo\/image\/"}}]}},"_links":{"self":[{"href":"https:\/\/aganova.com\/es\/wp-json\/wp\/v2\/pages\/1777","targetHints":{"allow":["GET"]}}],"collection":[{"href":"https:\/\/aganova.com\/es\/wp-json\/wp\/v2\/pages"}],"about":[{"href":"https:\/\/aganova.com\/es\/wp-json\/wp\/v2\/types\/page"}],"author":[{"embeddable":true,"href":"https:\/\/aganova.com\/es\/wp-json\/wp\/v2\/users\/1"}],"replies":[{"embeddable":true,"href":"https:\/\/aganova.com\/es\/wp-json\/wp\/v2\/comments?post=1777"}],"version-history":[{"count":0,"href":"https:\/\/aganova.com\/es\/wp-json\/wp\/v2\/pages\/1777\/revisions"}],"wp:attachment":[{"href":"https:\/\/aganova.com\/es\/wp-json\/wp\/v2\/media?parent=1777"}],"wp:term":[{"taxonomy":"case","embeddable":true,"href":"https:\/\/aganova.com\/es\/wp-json\/wp\/v2\/case?post=1777"}],"curies":[{"name":"wp","href":"https:\/\/api.w.org\/{rel}","templated":true}]}}