{"id":1904,"date":"2025-08-08T08:01:40","date_gmt":"2025-08-08T06:01:40","guid":{"rendered":"https:\/\/aganova.com\/hablamos\/"},"modified":"2025-10-03T14:01:31","modified_gmt":"2025-10-03T12:01:31","slug":"hablamos","status":"publish","type":"page","link":"https:\/\/aganova.com\/es\/hablamos\/","title":{"rendered":"\u00bfHablamos?"},"content":{"rendered":"\t\t<div data-elementor-type=\"wp-page\" data-elementor-id=\"1904\" class=\"elementor elementor-1904 elementor-1500\" data-elementor-post-type=\"page\">\n\t\t\t\t<div class=\"elementor-element elementor-element-0ab42d2 e-flex e-con-boxed e-con e-parent\" data-id=\"0ab42d2\" data-element_type=\"container\" data-e-type=\"container\" data-settings=\"{&quot;background_background&quot;:&quot;classic&quot;}\">\n\t\t\t\t\t<div class=\"e-con-inner\">\n\t\t<div class=\"elementor-element elementor-element-02f0644 e-con-full e-flex e-con e-child\" data-id=\"02f0644\" data-element_type=\"container\" data-e-type=\"container\">\n\t\t<div class=\"elementor-element elementor-element-efff73e e-con-full e-flex elementor-invisible e-con e-child\" data-id=\"efff73e\" data-element_type=\"container\" data-e-type=\"container\" data-settings=\"{&quot;background_background&quot;:&quot;classic&quot;,&quot;animation&quot;:&quot;fadeInDown&quot;}\">\n\t\t\t\t<div class=\"elementor-element elementor-element-a15b091 elementor-widget elementor-widget-heading\" data-id=\"a15b091\" data-element_type=\"widget\" data-e-type=\"widget\" data-widget_type=\"heading.default\">\n\t\t\t\t<div class=\"elementor-widget-container\">\n\t\t\t\t\t<h1 class=\"elementor-heading-title elementor-size-default\">\u00bfHablamos?<\/h1>\t\t\t\t<\/div>\n\t\t\t\t<\/div>\n\t\t\t\t<\/div>\n\t\t\t\t<div class=\"elementor-element elementor-element-37d35f8 elementor-widget elementor-widget-heading\" data-id=\"37d35f8\" data-element_type=\"widget\" data-e-type=\"widget\" data-widget_type=\"heading.default\">\n\t\t\t\t<div class=\"elementor-widget-container\">\n\t\t\t\t\t<h6 class=\"elementor-heading-title elementor-size-default\">Nos encantar\u00eda saber de ti. Cu\u00e9ntanos qu\u00e9 est\u00e1s buscando. <\/h6>\t\t\t\t<\/div>\n\t\t\t\t<\/div>\n\t\t<div class=\"elementor-element elementor-element-c76b292 e-con-full e-flex elementor-invisible e-con e-child\" data-id=\"c76b292\" data-element_type=\"container\" data-e-type=\"container\" data-settings=\"{&quot;background_background&quot;:&quot;classic&quot;,&quot;animation&quot;:&quot;fadeInDown&quot;}\">\n\t\t\t\t<div class=\"elementor-element elementor-element-6be3224 elementor-button-align-center elementor-widget elementor-widget-form\" data-id=\"6be3224\" data-element_type=\"widget\" data-e-type=\"widget\" data-settings=\"{&quot;step_next_label&quot;:&quot;Siguiente&quot;,&quot;step_previous_label&quot;:&quot;Anterior&quot;,&quot;button_width&quot;:&quot;100&quot;,&quot;step_type&quot;:&quot;number_text&quot;,&quot;step_icon_shape&quot;:&quot;circle&quot;}\" data-widget_type=\"form.default\">\n\t\t\t\t<div class=\"elementor-widget-container\">\n\t\t\t\t\t\t\t<form class=\"elementor-form\" method=\"post\" name=\"Hablemos\" aria-label=\"Hablemos\">\n\t\t\t<input type=\"hidden\" name=\"post_id\" value=\"1904\"\/>\n\t\t\t<input type=\"hidden\" name=\"form_id\" value=\"6be3224\"\/>\n\t\t\t<input type=\"hidden\" name=\"referer_title\" value=\"Aganova\" \/>\n\n\t\t\t\n\t\t\t<div class=\"elementor-form-fields-wrapper elementor-labels-above\">\n\t\t\t\t\t\t\t\t<div class=\"elementor-field-type-text elementor-field-group elementor-column elementor-field-group-name elementor-col-50 elementor-field-required\">\n\t\t\t\t\t\t\t\t\t\t\t\t\t<input size=\"1\" type=\"text\" name=\"form_fields[name]\" id=\"form-field-name\" class=\"elementor-field elementor-size-sm  elementor-field-textual\" placeholder=\"Nombre completo\" required=\"required\">\n\t\t\t\t\t\t\t\t\t\t\t<\/div>\n\t\t\t\t\t\t\t\t<div class=\"elementor-field-type-email elementor-field-group elementor-column elementor-field-group-email elementor-col-50 elementor-field-required\">\n\t\t\t\t\t\t\t\t\t\t\t\t\t<input size=\"1\" type=\"email\" name=\"form_fields[email]\" id=\"form-field-email\" class=\"elementor-field elementor-size-sm  elementor-field-textual\" placeholder=\"Correo electr\u00f3nico profesional\" required=\"required\">\n\t\t\t\t\t\t\t\t\t\t\t<\/div>\n\t\t\t\t\t\t\t\t<div class=\"elementor-field-type-text elementor-field-group elementor-column elementor-field-group-company elementor-col-50 elementor-field-required\">\n\t\t\t\t\t\t\t\t\t\t\t\t\t<input size=\"1\" type=\"text\" name=\"form_fields[company]\" id=\"form-field-company\" class=\"elementor-field elementor-size-sm  elementor-field-textual\" placeholder=\"Empresa \/ organizaci\u00f3n\" required=\"required\">\n\t\t\t\t\t\t\t\t\t\t\t<\/div>\n\t\t\t\t\t\t\t\t<div class=\"elementor-field-type-text elementor-field-group elementor-column elementor-field-group-job elementor-col-50 elementor-field-required\">\n\t\t\t\t\t\t\t\t\t\t\t\t\t<input size=\"1\" type=\"text\" name=\"form_fields[job]\" id=\"form-field-job\" class=\"elementor-field elementor-size-sm  elementor-field-textual\" placeholder=\"Cargo \/ Puesto\" required=\"required\">\n\t\t\t\t\t\t\t\t\t\t\t<\/div>\n\t\t\t\t\t\t\t\t<div class=\"elementor-field-type-text elementor-field-group elementor-column elementor-field-group-country elementor-col-100 elementor-field-required\">\n\t\t\t\t\t\t\t\t\t\t\t\t\t<input size=\"1\" type=\"text\" name=\"form_fields[country]\" id=\"form-field-country\" class=\"elementor-field elementor-size-sm  elementor-field-textual\" placeholder=\"Pa\u00eds\" required=\"required\">\n\t\t\t\t\t\t\t\t\t\t\t<\/div>\n\t\t\t\t\t\t\t\t<div class=\"elementor-field-type-select elementor-field-group elementor-column elementor-field-group-field_2489a26 elementor-col-100 elementor-field-required\">\n\t\t\t\t\t\t\t\t\t\t\t\t<label for=\"form-field-field_2489a26\" class=\"elementor-field-label\">\n\t\t\t\t\t\t\t\t\u00bfQu\u00e9 te interesa principalmente?\t\t\t\t\t\t\t<\/label>\n\t\t\t\t\t\t\t\t<div class=\"elementor-field elementor-select-wrapper remove-before \">\n\t\t\t<div class=\"select-caret-down-wrapper\">\n\t\t\t\t<svg aria-hidden=\"true\" class=\"e-font-icon-svg e-eicon-caret-down\" viewBox=\"0 0 571.4 571.4\" xmlns=\"http:\/\/www.w3.org\/2000\/svg\"><path d=\"M571 393Q571 407 561 418L311 668Q300 679 286 679T261 668L11 418Q0 407 0 393T11 368 36 357H536Q550 357 561 368T571 393Z\"><\/path><\/svg>\t\t\t<\/div>\n\t\t\t<select name=\"form_fields[field_2489a26]\" id=\"form-field-field_2489a26\" class=\"elementor-field-textual elementor-size-sm\" required=\"required\">\n\t\t\t\t\t\t\t\t\t<option value=\"La soluci\u00f3n de Aganova\">La soluci\u00f3n de Aganova<\/option>\n\t\t\t\t\t\t\t\t\t<option value=\"Oferta comercial\">Oferta comercial<\/option>\n\t\t\t\t\t\t\t\t\t<option value=\"Proyecto de reposici\u00f3n\">Proyecto de reposici\u00f3n<\/option>\n\t\t\t\t\t\t\t\t\t<option value=\"Convertirme en socio o colaborador\">Convertirme en socio o colaborador<\/option>\n\t\t\t\t\t\t\t<\/select>\n\t\t<\/div>\n\t\t\t\t\t\t<\/div>\n\t\t\t\t\t\t\t\t<div class=\"elementor-field-type-select elementor-field-group elementor-column elementor-field-group-field_6f97df4 elementor-col-100\">\n\t\t\t\t\t\t\t\t\t\t\t\t<label for=\"form-field-field_6f97df4\" class=\"elementor-field-label\">\n\t\t\t\t\t\t\t\t\u00bfC\u00f3mo te enteraste de nosotros?\t\t\t\t\t\t\t<\/label>\n\t\t\t\t\t\t\t\t<div class=\"elementor-field elementor-select-wrapper remove-before \">\n\t\t\t<div class=\"select-caret-down-wrapper\">\n\t\t\t\t<svg aria-hidden=\"true\" class=\"e-font-icon-svg e-eicon-caret-down\" viewBox=\"0 0 571.4 571.4\" xmlns=\"http:\/\/www.w3.org\/2000\/svg\"><path d=\"M571 393Q571 407 561 418L311 668Q300 679 286 679T261 668L11 418Q0 407 0 393T11 368 36 357H536Q550 357 561 368T571 393Z\"><\/path><\/svg>\t\t\t<\/div>\n\t\t\t<select name=\"form_fields[field_6f97df4]\" id=\"form-field-field_6f97df4\" class=\"elementor-field-textual elementor-size-sm\">\n\t\t\t\t\t\t\t\t\t<option value=\"Redes sociales\">Redes sociales<\/option>\n\t\t\t\t\t\t\t\t\t<option value=\"Recomendaci\u00f3n\">Recomendaci\u00f3n<\/option>\n\t\t\t\t\t\t\t\t\t<option value=\"Buscador\">Buscador<\/option>\n\t\t\t\t\t\t\t\t\t<option value=\"Evento\">Evento<\/option>\n\t\t\t\t\t\t\t\t\t<option value=\"Otro\">Otro<\/option>\n\t\t\t\t\t\t\t<\/select>\n\t\t<\/div>\n\t\t\t\t\t\t<\/div>\n\t\t\t\t\t\t\t\t<div class=\"elementor-field-type-acceptance elementor-field-group elementor-column elementor-field-group-field_64f8446 elementor-col-100 elementor-field-required\">\n\t\t\t\t\t\t\t<div class=\"elementor-field-subgroup\">\n\t\t\t<span class=\"elementor-field-option\">\n\t\t\t\t<input type=\"checkbox\" name=\"form_fields[field_64f8446]\" id=\"form-field-field_64f8446\" class=\"elementor-field elementor-size-sm  elementor-acceptance-field\" required=\"required\">\n\t\t\t\t<label for=\"form-field-field_64f8446\">He le\u00eddo y acepto la <a style=\"color: white;\" href=\"https:\/\/aganova.com\/es\/politica-de-privacidad\/\">Pol\u00edtica de privacidad.<\/a><\/label>\t\t\t<\/span>\n\t\t<\/div>\n\t\t\t\t\t\t<\/div>\n\t\t\t\t\t\t\t\t<div class=\"elementor-field-type-acceptance elementor-field-group elementor-column elementor-field-group-field_f6dd615 elementor-col-100\">\n\t\t\t\t\t\t\t<div class=\"elementor-field-subgroup\">\n\t\t\t<span class=\"elementor-field-option\">\n\t\t\t\t<input type=\"checkbox\" name=\"form_fields[field_f6dd615]\" id=\"form-field-field_f6dd615\" class=\"elementor-field elementor-size-sm  elementor-acceptance-field\">\n\t\t\t\t<label for=\"form-field-field_f6dd615\">Autorizo recibir informaci\u00f3n de los productos y servicios relacionados con los solicitados<\/label>\t\t\t<\/span>\n\t\t<\/div>\n\t\t\t\t\t\t<\/div>\n\t\t\t\t\t\t\t\t<div class=\"elementor-field-type-html elementor-field-group elementor-column elementor-field-group-field_f52e752 elementor-col-100\">\n\t\t\t\t\t<p><b>PROTECCI\u00d3N DE DATOS:<\/b> En cumplimiento del Reglamento (UE) 2016\/679 del Parlamento Europeo y del Consejo, de 27 de abril de 2016 (RGPD), y la Ley Org\u00e1nica 3\/2018, de 5 de diciembre, de Protecci\u00f3n de Datos Personales y garant\u00eda de los derechos digitales, le informamos de que los datos que nos facilite ser\u00e1n tratados por AGANOVA S.L., con NIF B92941988 y domicilio social en CALLE SEVERO OCHOA N\u00ba 45, PARQUE TECNOL\u00d3GICO DE M\u00c1LAGA, CAMPANILLAS, 29590 (M\u00c1LAGA), con la finalidad de responder a su solicitud de informaci\u00f3n.<\/p>\n\n<p>La base legal para el tratamiento de sus datos es el consentimiento que ha prestado para el env\u00edo de informaci\u00f3n. Los datos facilitados se conservar\u00e1n mientras se mantenga la relaci\u00f3n contractual o durante los a\u00f1os necesarios para cumplir con las obligaciones legales. <\/p>\n\n<p>Los datos no se ceder\u00e1n a terceros salvo en los casos en que exista una obligaci\u00f3n legal. Puede ejercer sus derechos de acceso, rectificaci\u00f3n, limitaci\u00f3n del tratamiento, portabilidad de los datos, oposici\u00f3n al tratamiento y supresi\u00f3n de sus datos, as\u00ed como el derecho a presentar una reclamaci\u00f3n ante la Autoridad de Control, mediante solicitud escrita dirigida a la direcci\u00f3n postal indicada anteriormente o por correo electr\u00f3nico a <g id=\"gid_0\">INFO@AGANOVA.COM<\/g>, adjuntando en ambos casos copia de su DNI. Tambi\u00e9n tiene derecho a presentar una reclamaci\u00f3n ante la Autoridad de Control (<a style=\"color:white\" href=\"https:\/\/aepd.es\">aepd.es<\/a>).  <\/p>\t\t\t\t<\/div>\n\t\t\t\t\t\t\t\t<div class=\"elementor-field-group elementor-column elementor-field-type-submit elementor-col-100 e-form__buttons\">\n\t\t\t\t\t<button class=\"elementor-button elementor-size-sm\" type=\"submit\">\n\t\t\t\t\t\t<span class=\"elementor-button-content-wrapper\">\n\t\t\t\t\t\t\t\t\t\t\t\t\t\t\t\t\t\t\t\t\t\t<span class=\"elementor-button-text\">Enviar<\/span>\n\t\t\t\t\t\t\t\t\t\t\t\t\t<\/span>\n\t\t\t\t\t<\/button>\n\t\t\t\t<\/div>\n\t\t\t<\/div>\n\t\t<\/form>\n\t\t\t\t\t\t<\/div>\n\t\t\t\t<\/div>\n\t\t\t\t<\/div>\n\t\t\t\t<div class=\"elementor-element elementor-element-d0e1fa9 elementor-widget elementor-widget-spacer\" data-id=\"d0e1fa9\" data-element_type=\"widget\" data-e-type=\"widget\" data-widget_type=\"spacer.default\">\n\t\t\t\t<div class=\"elementor-widget-container\">\n\t\t\t\t\t\t\t<div class=\"elementor-spacer\">\n\t\t\t<div class=\"elementor-spacer-inner\"><\/div>\n\t\t<\/div>\n\t\t\t\t\t\t<\/div>\n\t\t\t\t<\/div>\n\t\t\t\t<\/div>\n\t\t\t\t\t<\/div>\n\t\t\t\t<\/div>\n\t\t\t\t<\/div>\n\t\t","protected":false},"excerpt":{"rendered":"<p>\u00bfHablamos? Nos encantar\u00eda saber de ti. Cu\u00e9ntanos qu\u00e9 est\u00e1s buscando.<\/p>\n","protected":false},"author":1,"featured_media":1707,"parent":0,"menu_order":0,"comment_status":"closed","ping_status":"closed","template":"","meta":{"content-type":"","footnotes":""},"case":[],"class_list":["post-1904","page","type-page","status-publish","has-post-thumbnail","hentry"],"yoast_head":"<!-- This site is optimized with the Yoast SEO Premium plugin v25.6 (Yoast SEO v27.3) - https:\/\/yoast.com\/product\/yoast-seo-premium-wordpress\/ -->\n<title>Hablemos - Aganova<\/title>\n<meta name=\"description\" content=\"Hablemos: Nos encantar\u00eda saber de usted. D\u00edganos qu\u00e9 est\u00e1 buscando y un miembro de nuestro equipo se pondr\u00e1 en contacto con usted en breve.\" \/>\n<meta name=\"robots\" content=\"noindex, nofollow\" \/>\n<meta property=\"og:locale\" content=\"es_ES\" \/>\n<meta property=\"og:type\" content=\"article\" \/>\n<meta property=\"og:title\" content=\"Aganova - Inteligencia para tuber\u00edas de agua\" \/>\n<meta property=\"og:description\" content=\"Impulsando un futuro sostenible con tecnolog\u00eda avanzada de detecci\u00f3n de fugas.\" \/>\n<meta property=\"og:url\" content=\"https:\/\/aganova.com\/es\/hablamos\/\" \/>\n<meta property=\"og:site_name\" content=\"Aganova\" \/>\n<meta property=\"article:modified_time\" content=\"2025-10-03T12:01:31+00:00\" \/>\n<meta property=\"og:image\" content=\"https:\/\/aganova.com\/wp-content\/uploads\/2024\/06\/aganova-web-300x300.jpg\" \/>\n<meta name=\"twitter:card\" content=\"summary_large_image\" \/>\n<meta name=\"twitter:title\" content=\"Aganova - Inteligencia para tuber\u00edas de agua\" \/>\n<meta name=\"twitter:description\" content=\"Impulsando un futuro sostenible con tecnolog\u00eda avanzada de detecci\u00f3n de fugas.\" \/>\n<meta name=\"twitter:image\" content=\"https:\/\/aganova.com\/wp-content\/uploads\/2024\/06\/aganova-web.jpg\" \/>\n<meta name=\"twitter:label1\" content=\"Tiempo de lectura\" \/>\n\t<meta name=\"twitter:data1\" content=\"2 minutos\" \/>\n<script type=\"application\/ld+json\" class=\"yoast-schema-graph\">{\"@context\":\"https:\\\/\\\/schema.org\",\"@graph\":[{\"@type\":\"WebPage\",\"@id\":\"https:\\\/\\\/aganova.com\\\/es\\\/hablamos\\\/\",\"url\":\"https:\\\/\\\/aganova.com\\\/es\\\/hablamos\\\/\",\"name\":\"Hablemos - Aganova\",\"isPartOf\":{\"@id\":\"https:\\\/\\\/aganova.com\\\/es\\\/#website\"},\"primaryImageOfPage\":{\"@id\":\"https:\\\/\\\/aganova.com\\\/es\\\/hablamos\\\/#primaryimage\"},\"image\":{\"@id\":\"https:\\\/\\\/aganova.com\\\/es\\\/hablamos\\\/#primaryimage\"},\"thumbnailUrl\":\"https:\\\/\\\/aganova.com\\\/wp-content\\\/uploads\\\/2024\\\/12\\\/nuevo-mapa-oficinas.webp\",\"datePublished\":\"2025-08-08T06:01:40+00:00\",\"dateModified\":\"2025-10-03T12:01:31+00:00\",\"description\":\"Hablemos: Nos encantar\u00eda saber de usted. D\u00edganos qu\u00e9 est\u00e1 buscando y un miembro de nuestro equipo se pondr\u00e1 en contacto con usted en breve.\",\"breadcrumb\":{\"@id\":\"https:\\\/\\\/aganova.com\\\/es\\\/hablamos\\\/#breadcrumb\"},\"inLanguage\":\"es\",\"potentialAction\":[{\"@type\":\"ReadAction\",\"target\":[\"https:\\\/\\\/aganova.com\\\/es\\\/hablamos\\\/\"]}]},{\"@type\":\"ImageObject\",\"inLanguage\":\"es\",\"@id\":\"https:\\\/\\\/aganova.com\\\/es\\\/hablamos\\\/#primaryimage\",\"url\":\"https:\\\/\\\/aganova.com\\\/wp-content\\\/uploads\\\/2024\\\/12\\\/nuevo-mapa-oficinas.webp\",\"contentUrl\":\"https:\\\/\\\/aganova.com\\\/wp-content\\\/uploads\\\/2024\\\/12\\\/nuevo-mapa-oficinas.webp\",\"width\":1920,\"height\":900},{\"@type\":\"BreadcrumbList\",\"@id\":\"https:\\\/\\\/aganova.com\\\/es\\\/hablamos\\\/#breadcrumb\",\"itemListElement\":[{\"@type\":\"ListItem\",\"position\":1,\"name\":\"Portada\",\"item\":\"https:\\\/\\\/aganova.com\\\/es\\\/\"},{\"@type\":\"ListItem\",\"position\":2,\"name\":\"\u00bfHablamos?\"}]},{\"@type\":\"WebSite\",\"@id\":\"https:\\\/\\\/aganova.com\\\/es\\\/#website\",\"url\":\"https:\\\/\\\/aganova.com\\\/es\\\/\",\"name\":\"Aganova\",\"description\":\"\",\"publisher\":{\"@id\":\"https:\\\/\\\/aganova.com\\\/es\\\/#organization\"},\"potentialAction\":[{\"@type\":\"SearchAction\",\"target\":{\"@type\":\"EntryPoint\",\"urlTemplate\":\"https:\\\/\\\/aganova.com\\\/es\\\/?s={search_term_string}\"},\"query-input\":{\"@type\":\"PropertyValueSpecification\",\"valueRequired\":true,\"valueName\":\"search_term_string\"}}],\"inLanguage\":\"es\"},{\"@type\":\"Organization\",\"@id\":\"https:\\\/\\\/aganova.com\\\/es\\\/#organization\",\"name\":\"Aganova - Water Pipe Intelligence\",\"url\":\"https:\\\/\\\/aganova.com\\\/es\\\/\",\"logo\":{\"@type\":\"ImageObject\",\"inLanguage\":\"es\",\"@id\":\"https:\\\/\\\/aganova.com\\\/es\\\/#\\\/schema\\\/logo\\\/image\\\/\",\"url\":\"https:\\\/\\\/aganova.com\\\/wp-content\\\/uploads\\\/2024\\\/06\\\/aganova-web.jpg\",\"contentUrl\":\"https:\\\/\\\/aganova.com\\\/wp-content\\\/uploads\\\/2024\\\/06\\\/aganova-web.jpg\",\"width\":600,\"height\":600,\"caption\":\"Aganova - Water Pipe Intelligence\"},\"image\":{\"@id\":\"https:\\\/\\\/aganova.com\\\/es\\\/#\\\/schema\\\/logo\\\/image\\\/\"}}]}<\/script>\n<!-- \/ Yoast SEO Premium plugin. -->","yoast_head_json":{"title":"Hablemos - Aganova","description":"Hablemos: Nos encantar\u00eda saber de usted. D\u00edganos qu\u00e9 est\u00e1 buscando y un miembro de nuestro equipo se pondr\u00e1 en contacto con usted en breve.","robots":{"index":"noindex","follow":"nofollow"},"og_locale":"es_ES","og_type":"article","og_title":"Aganova - Inteligencia para tuber\u00edas de agua","og_description":"Impulsando un futuro sostenible con tecnolog\u00eda avanzada de detecci\u00f3n de fugas.","og_url":"https:\/\/aganova.com\/es\/hablamos\/","og_site_name":"Aganova","article_modified_time":"2025-10-03T12:01:31+00:00","og_image":[{"url":"https:\/\/aganova.com\/wp-content\/uploads\/2024\/06\/aganova-web-300x300.jpg","type":"","width":"","height":""}],"twitter_card":"summary_large_image","twitter_title":"Aganova - Inteligencia para tuber\u00edas de agua","twitter_description":"Impulsando un futuro sostenible con tecnolog\u00eda avanzada de detecci\u00f3n de fugas.","twitter_image":"https:\/\/aganova.com\/wp-content\/uploads\/2024\/06\/aganova-web.jpg","twitter_misc":{"Tiempo de lectura":"2 minutos"},"schema":{"@context":"https:\/\/schema.org","@graph":[{"@type":"WebPage","@id":"https:\/\/aganova.com\/es\/hablamos\/","url":"https:\/\/aganova.com\/es\/hablamos\/","name":"Hablemos - Aganova","isPartOf":{"@id":"https:\/\/aganova.com\/es\/#website"},"primaryImageOfPage":{"@id":"https:\/\/aganova.com\/es\/hablamos\/#primaryimage"},"image":{"@id":"https:\/\/aganova.com\/es\/hablamos\/#primaryimage"},"thumbnailUrl":"https:\/\/aganova.com\/wp-content\/uploads\/2024\/12\/nuevo-mapa-oficinas.webp","datePublished":"2025-08-08T06:01:40+00:00","dateModified":"2025-10-03T12:01:31+00:00","description":"Hablemos: Nos encantar\u00eda saber de usted. D\u00edganos qu\u00e9 est\u00e1 buscando y un miembro de nuestro equipo se pondr\u00e1 en contacto con usted en breve.","breadcrumb":{"@id":"https:\/\/aganova.com\/es\/hablamos\/#breadcrumb"},"inLanguage":"es","potentialAction":[{"@type":"ReadAction","target":["https:\/\/aganova.com\/es\/hablamos\/"]}]},{"@type":"ImageObject","inLanguage":"es","@id":"https:\/\/aganova.com\/es\/hablamos\/#primaryimage","url":"https:\/\/aganova.com\/wp-content\/uploads\/2024\/12\/nuevo-mapa-oficinas.webp","contentUrl":"https:\/\/aganova.com\/wp-content\/uploads\/2024\/12\/nuevo-mapa-oficinas.webp","width":1920,"height":900},{"@type":"BreadcrumbList","@id":"https:\/\/aganova.com\/es\/hablamos\/#breadcrumb","itemListElement":[{"@type":"ListItem","position":1,"name":"Portada","item":"https:\/\/aganova.com\/es\/"},{"@type":"ListItem","position":2,"name":"\u00bfHablamos?"}]},{"@type":"WebSite","@id":"https:\/\/aganova.com\/es\/#website","url":"https:\/\/aganova.com\/es\/","name":"Aganova","description":"","publisher":{"@id":"https:\/\/aganova.com\/es\/#organization"},"potentialAction":[{"@type":"SearchAction","target":{"@type":"EntryPoint","urlTemplate":"https:\/\/aganova.com\/es\/?s={search_term_string}"},"query-input":{"@type":"PropertyValueSpecification","valueRequired":true,"valueName":"search_term_string"}}],"inLanguage":"es"},{"@type":"Organization","@id":"https:\/\/aganova.com\/es\/#organization","name":"Aganova - Water Pipe Intelligence","url":"https:\/\/aganova.com\/es\/","logo":{"@type":"ImageObject","inLanguage":"es","@id":"https:\/\/aganova.com\/es\/#\/schema\/logo\/image\/","url":"https:\/\/aganova.com\/wp-content\/uploads\/2024\/06\/aganova-web.jpg","contentUrl":"https:\/\/aganova.com\/wp-content\/uploads\/2024\/06\/aganova-web.jpg","width":600,"height":600,"caption":"Aganova - Water Pipe Intelligence"},"image":{"@id":"https:\/\/aganova.com\/es\/#\/schema\/logo\/image\/"}}]}},"_links":{"self":[{"href":"https:\/\/aganova.com\/es\/wp-json\/wp\/v2\/pages\/1904","targetHints":{"allow":["GET"]}}],"collection":[{"href":"https:\/\/aganova.com\/es\/wp-json\/wp\/v2\/pages"}],"about":[{"href":"https:\/\/aganova.com\/es\/wp-json\/wp\/v2\/types\/page"}],"author":[{"embeddable":true,"href":"https:\/\/aganova.com\/es\/wp-json\/wp\/v2\/users\/1"}],"replies":[{"embeddable":true,"href":"https:\/\/aganova.com\/es\/wp-json\/wp\/v2\/comments?post=1904"}],"version-history":[{"count":0,"href":"https:\/\/aganova.com\/es\/wp-json\/wp\/v2\/pages\/1904\/revisions"}],"wp:featuredmedia":[{"embeddable":true,"href":"https:\/\/aganova.com\/es\/wp-json\/wp\/v2\/media\/1707"}],"wp:attachment":[{"href":"https:\/\/aganova.com\/es\/wp-json\/wp\/v2\/media?parent=1904"}],"wp:term":[{"taxonomy":"case","embeddable":true,"href":"https:\/\/aganova.com\/es\/wp-json\/wp\/v2\/case?post=1904"}],"curies":[{"name":"wp","href":"https:\/\/api.w.org\/{rel}","templated":true}]}}